{"id":5757,"date":"2019-11-05T12:18:50","date_gmt":"2019-11-05T12:18:50","guid":{"rendered":"https:\/\/elementor.zozothemes.com\/zegen\/ministries-copy\/"},"modified":"2026-03-03T12:26:33","modified_gmt":"2026-03-03T12:26:33","slug":"events","status":"publish","type":"page","link":"https:\/\/acasadarocha.com.br\/en\/events\/","title":{"rendered":"Agenda"},"content":{"rendered":"<div data-elementor-type=\"wp-page\" data-elementor-id=\"5757\" class=\"elementor elementor-5757\" data-elementor-post-type=\"page\">\n\t\t\t\t\t\t<section class=\"elementor-section elementor-top-section elementor-element elementor-element-85bde7f elementor-section-boxed elementor-section-height-default elementor-section-height-default\" data-id=\"85bde7f\" data-element_type=\"section\" data-e-type=\"section\" data-settings=\"{&quot;background_background&quot;:&quot;classic&quot;}\">\n\t\t\t\t\t\t\t<div class=\"elementor-background-overlay\"><\/div>\n\t\t\t\t\t\t\t<div class=\"elementor-container elementor-column-gap-default\">\n\t\t\t\t\t<div class=\"elementor-column elementor-col-100 elementor-top-column elementor-element elementor-element-1f792f8\" data-id=\"1f792f8\" data-element_type=\"column\" data-e-type=\"column\">\n\t\t\t<div class=\"elementor-widget-wrap elementor-element-populated\">\n\t\t\t\t\t\t<div class=\"elementor-element elementor-element-a2f516e elementor-widget elementor-widget-zegenevent\" data-id=\"a2f516e\" data-element_type=\"widget\" data-e-type=\"widget\" data-widget_type=\"zegenevent.default\">\n\t\t\t\t<div class=\"elementor-widget-container\">\n\t\t\t\t\t<div class=\"event-wrapper event-modern event-light shortcode-rand-1 zegen-inline-css\" data-css=\"&quot;.shortcode-rand-1.event-wrapper .event-inner &gt; *:nth-child(1) { margin-bottom: 0px; }&quot;\"><div class=\"row\"><div class=\"col-lg-4 col-md-4\"><div class=\"event-inner\"><div class=\"post-thumb\"><img fetchpriority=\"high\" decoding=\"async\" height=\"694\" width=\"1170\" class=\"img-fluid\" alt=\"Celebra\u00e7\u00e3o Dominical 9h\" src=\"https:\/\/acasadarocha.com.br\/wp-content\/uploads\/2025\/12\/Quem-e-Jesus-Fundo-Ocre-scaled-1170x694.jpg\"\/><\/div><!-- .post-thumb --><div class=\"event-date\">Apr 19<span class=\"event-time\">09h00<\/span><\/div><!-- .event-date --><div class=\"entry-title\"><h6 class=\"post-title-head\"><a href=\"https:\/\/acasadarocha.com.br\/en\/Eventos\/celebracao-dominical-9h\/\" class=\"post-title\">Celebra\u00e7\u00e3o Dominical 9h<\/a><\/h6><\/div><!-- .entry-title --><div class=\"post-more\"><a class=\"read-more\" href=\"https:\/\/acasadarocha.com.br\/en\/Eventos\/celebracao-dominical-9h\/\">Saiba Mais<\/a><\/div><div class=\"event-location\"><i class=\"ti-location-pin\"><\/i><span>Rua da Independ\u00eancia 850 - Cambuci - S\u00e3o Paulo\/SP<\/span><\/div><!-- .event-location --><\/div><!-- .event-inner --><\/div><!-- .cols --><div class=\"col-lg-4 col-md-4\"><div class=\"event-inner\"><div class=\"post-thumb\"><img decoding=\"async\" height=\"694\" width=\"1170\" class=\"img-fluid\" alt=\"Celebra\u00e7\u00e3o Dominical 11h\" src=\"https:\/\/acasadarocha.com.br\/wp-content\/uploads\/2025\/12\/Quem-e-Jesus-Fundo-Ocre-scaled-1170x694.jpg\"\/><\/div><!-- .post-thumb --><div class=\"event-date\">Apr 19<span class=\"event-time\">11h00<\/span><\/div><!-- .event-date --><div class=\"entry-title\"><h6 class=\"post-title-head\"><a href=\"https:\/\/acasadarocha.com.br\/en\/Eventos\/celebracao-dominical-11h\/\" class=\"post-title\">Celebra\u00e7\u00e3o Dominical 11h<\/a><\/h6><\/div><!-- .entry-title --><div class=\"post-more\"><a class=\"read-more\" href=\"https:\/\/acasadarocha.com.br\/en\/Eventos\/celebracao-dominical-11h\/\">Saiba Mais<\/a><\/div><div class=\"event-location\"><i class=\"ti-location-pin\"><\/i><span>Rua da Independ\u00eancia 850 - Cambuci - S\u00e3o Paulo\/SP<\/span><\/div><!-- .event-location --><\/div><!-- .event-inner --><\/div><!-- .cols --><div class=\"col-lg-4 col-md-4\"><div class=\"event-inner\"><div class=\"post-thumb\"><img decoding=\"async\" height=\"694\" width=\"1170\" class=\"img-fluid\" alt=\"Celebra\u00e7\u00e3o Dominical 18h30\" src=\"https:\/\/acasadarocha.com.br\/wp-content\/uploads\/2025\/12\/Quem-e-Jesus-Fundo-Ocre-scaled-1170x694.jpg\"\/><\/div><!-- .post-thumb --><div class=\"event-date\">Apr 19<span class=\"event-time\">18h30<\/span><\/div><!-- .event-date --><div class=\"entry-title\"><h6 class=\"post-title-head\"><a href=\"https:\/\/acasadarocha.com.br\/en\/Eventos\/celebracao-dominical-18h30\/\" class=\"post-title\">Celebra\u00e7\u00e3o Dominical 18h30<\/a><\/h6><\/div><!-- .entry-title --><div class=\"post-more\"><a class=\"read-more\" href=\"https:\/\/acasadarocha.com.br\/en\/Eventos\/celebracao-dominical-18h30\/\">Saiba Mais<\/a><\/div><div class=\"event-location\"><i class=\"ti-location-pin\"><\/i><span>Rua da Independ\u00eancia 850 - Cambuci - S\u00e3o Paulo\/SP<\/span><\/div><!-- .event-location --><\/div><!-- .event-inner --><\/div><!-- .cols --><\/div><!-- .row --><\/div><!-- .event-wrapper -->\t\t\t\t<\/div>\n\t\t\t\t<\/div>\n\t\t\t\t\t<\/div>\n\t\t<\/div>\n\t\t\t\t\t<\/div>\n\t\t<\/section>\n\t\t\t\t<\/div>","protected":false},"excerpt":{"rendered":"<p>mar 320h00 Devocional &#038; Ora\u00e7\u00e3o Saiba MaisRua da Independ\u00eancia 850 &#8211; Cambuci &#8211; S\u00e3o Paulo\/SPmar<\/p>","protected":false},"author":1,"featured_media":0,"parent":0,"menu_order":0,"comment_status":"closed","ping_status":"closed","template":"","meta":{"_uag_custom_page_level_css":"","_monsterinsights_skip_tracking":false,"_monsterinsights_sitenote_active":false,"_monsterinsights_sitenote_note":"","_monsterinsights_sitenote_category":0,"footnotes":""},"class_list":["post-5757","page","type-page","status-publish","hentry"],"aioseo_notices":[],"_hostinger_reach_plugin_has_subscription_block":false,"_hostinger_reach_plugin_is_elementor":false,"uagb_featured_image_src":{"full":false,"thumbnail":false,"medium":false,"medium_large":false,"large":false,"1536x1536":false,"2048x2048":false,"trp-custom-language-flag":false,"woocommerce_thumbnail":false,"woocommerce_single":false,"woocommerce_gallery_thumbnail":false},"uagb_author_info":{"display_name":"adm@acasadarocha.com.br","author_link":"https:\/\/acasadarocha.com.br\/en\/author\/admacasadarocha-com-br\/"},"uagb_comment_info":0,"uagb_excerpt":"mar 320h00 Devocional &#038; Ora\u00e7\u00e3o Saiba MaisRua da Independ\u00eancia 850 &#8211; Cambuci &#8211; S\u00e3o Paulo\/SPmar","_links":{"self":[{"href":"https:\/\/acasadarocha.com.br\/en\/wp-json\/wp\/v2\/pages\/5757","targetHints":{"allow":["GET"]}}],"collection":[{"href":"https:\/\/acasadarocha.com.br\/en\/wp-json\/wp\/v2\/pages"}],"about":[{"href":"https:\/\/acasadarocha.com.br\/en\/wp-json\/wp\/v2\/types\/page"}],"author":[{"embeddable":true,"href":"https:\/\/acasadarocha.com.br\/en\/wp-json\/wp\/v2\/users\/1"}],"replies":[{"embeddable":true,"href":"https:\/\/acasadarocha.com.br\/en\/wp-json\/wp\/v2\/comments?post=5757"}],"version-history":[{"count":22,"href":"https:\/\/acasadarocha.com.br\/en\/wp-json\/wp\/v2\/pages\/5757\/revisions"}],"predecessor-version":[{"id":22072,"href":"https:\/\/acasadarocha.com.br\/en\/wp-json\/wp\/v2\/pages\/5757\/revisions\/22072"}],"wp:attachment":[{"href":"https:\/\/acasadarocha.com.br\/en\/wp-json\/wp\/v2\/media?parent=5757"}],"curies":[{"name":"wp","href":"https:\/\/api.w.org\/{rel}","templated":true}]}}