{"id":5662,"date":"2019-11-02T08:04:26","date_gmt":"2019-11-02T08:04:26","guid":{"rendered":"https:\/\/elementor.zozothemes.com\/zegen\/ministries-copy\/"},"modified":"2026-03-09T19:15:30","modified_gmt":"2026-03-09T19:15:30","slug":"contact-us","status":"publish","type":"page","link":"https:\/\/acasadarocha.com.br\/en\/contact-us\/","title":{"rendered":"Contato"},"content":{"rendered":"<div data-elementor-type=\"wp-page\" data-elementor-id=\"5662\" class=\"elementor elementor-5662\" data-elementor-post-type=\"page\">\n\t\t\t\t\t\t<section class=\"elementor-section elementor-top-section elementor-element elementor-element-85bde7f elementor-section-stretched elementor-section-boxed elementor-section-height-default elementor-section-height-default\" data-id=\"85bde7f\" data-element_type=\"section\" data-e-type=\"section\" data-settings=\"{&quot;background_background&quot;:&quot;classic&quot;,&quot;stretch_section&quot;:&quot;section-stretched&quot;}\">\n\t\t\t\t\t\t\t<div class=\"elementor-background-overlay\"><\/div>\n\t\t\t\t\t\t\t<div class=\"elementor-container elementor-column-gap-default\">\n\t\t\t\t\t<div class=\"elementor-column elementor-col-33 elementor-top-column elementor-element elementor-element-2436434\" data-id=\"2436434\" data-element_type=\"column\" data-e-type=\"column\">\n\t\t\t<div class=\"elementor-widget-wrap elementor-element-populated\">\n\t\t\t\t\t\t<div class=\"elementor-element elementor-element-a354e83 elementor-widget elementor-widget-zegenfeaturebox\" data-id=\"a354e83\" data-element_type=\"widget\" data-e-type=\"widget\" data-widget_type=\"zegenfeaturebox.default\">\n\t\t\t\t<div class=\"elementor-widget-container feature-box-wrapper text-center feature-box-classic shortcode-rand-1 zegen-inline-css\" data-css=\"&quot;.shortcode-rand-1.feature-box-wrapper .feature-box-inner &gt; *:nth-child(1), .shortcode-rand-1.feature-box-wrapper &gt; .media &gt; .media-body &gt; *:nth-child(1) { margin-bottom: 10px; }.shortcode-rand-1.feature-box-wrapper .feature-box-inner &gt; *:nth-child(2), .shortcode-rand-1.feature-box-wrapper &gt; .media &gt; .media-body &gt; *:nth-child(2) { margin-bottom: 10px; }&quot;\">\r\n\t\t\t<div class=\"feature-box-inner\"><div class=\"feature-box-icon\"><span class=\"text-center icon-icon-light rounded-circle fbox-icon-middle ti-email\"><\/span><\/div><h5 class=\"feature-box-title\">E-mails <\/h5><div class=\"fbox-content\"><a href=\"mailto:secretaria@acasadarocha.com.br\">secretaria@acasadarocha.com.br<\/a>\n<br>\n<a href=\"mailto:nossacasa@acasadarocha.com\">nossacasa@acasadarocha.com.br<\/a><\/div><\/div>\t\t<\/div>\r\n\t\t\t\t<\/div>\n\t\t\t\t\t<\/div>\n\t\t<\/div>\n\t\t\t\t<div class=\"elementor-column elementor-col-33 elementor-top-column elementor-element elementor-element-1f792f8\" data-id=\"1f792f8\" data-element_type=\"column\" data-e-type=\"column\">\n\t\t\t<div class=\"elementor-widget-wrap elementor-element-populated\">\n\t\t\t\t\t\t<div class=\"elementor-element elementor-element-87cadd6 elementor-widget elementor-widget-zegenfeaturebox\" data-id=\"87cadd6\" data-element_type=\"widget\" data-e-type=\"widget\" data-widget_type=\"zegenfeaturebox.default\">\n\t\t\t\t<div class=\"elementor-widget-container feature-box-wrapper text-center feature-box-classic shortcode-rand-2 zegen-inline-css\" data-css=\"&quot;.shortcode-rand-2.feature-box-wrapper .feature-box-inner &gt; *:nth-child(1), .shortcode-rand-2.feature-box-wrapper &gt; .media &gt; .media-body &gt; *:nth-child(1) { margin-bottom: 10px; }.shortcode-rand-2.feature-box-wrapper .feature-box-inner &gt; *:nth-child(2), .shortcode-rand-2.feature-box-wrapper &gt; .media &gt; .media-body &gt; *:nth-child(2) { margin-bottom: 10px; }&quot;\">\r\n\t\t\t<div class=\"feature-box-inner\"><div class=\"feature-box-icon\"><span class=\"text-center icon-icon-light rounded-circle fbox-icon-middle ti-location-pin\"><\/span><\/div><h5 class=\"feature-box-title\">Localiza\u00e7\u00e3o (Igreja)<\/h5><div class=\"fbox-content\"> Rua da Independ\u00eancia 850 - Cambuci - S\u00e3o Paulo\/SP - Brasil<\/div><\/div>\t\t<\/div>\r\n\t\t\t\t<\/div>\n\t\t\t\t\t<\/div>\n\t\t<\/div>\n\t\t\t\t<div class=\"elementor-column elementor-col-33 elementor-top-column elementor-element elementor-element-681c281\" data-id=\"681c281\" data-element_type=\"column\" data-e-type=\"column\">\n\t\t\t<div class=\"elementor-widget-wrap elementor-element-populated\">\n\t\t\t\t\t\t<div class=\"elementor-element elementor-element-66f0be4 elementor-widget elementor-widget-zegenfeaturebox\" data-id=\"66f0be4\" data-element_type=\"widget\" data-e-type=\"widget\" data-settings=\"{&quot;_animation&quot;:&quot;none&quot;}\" data-widget_type=\"zegenfeaturebox.default\">\n\t\t\t\t<div class=\"elementor-widget-container feature-box-wrapper text-center feature-box-classic shortcode-rand-3 zegen-inline-css\" data-css=\"&quot;.shortcode-rand-3.feature-box-wrapper .feature-box-inner &gt; *:nth-child(1), .shortcode-rand-3.feature-box-wrapper &gt; .media &gt; .media-body &gt; *:nth-child(1) { margin-bottom: 10px; }.shortcode-rand-3.feature-box-wrapper .feature-box-inner &gt; *:nth-child(2), .shortcode-rand-3.feature-box-wrapper &gt; .media &gt; .media-body &gt; *:nth-child(2) { margin-bottom: 10px; }&quot;\">\r\n\t\t\t<div class=\"feature-box-inner\"><div class=\"feature-box-icon\"><span class=\"text-center icon-icon-light rounded-circle fbox-icon-middle ti-headphone-alt\"><\/span><\/div><h5 class=\"feature-box-title\">WhatsApp Secretaria<\/h5><div class=\"fbox-content\"><a href=\"tel:(+55)11-94726-0500\">(+55) 11 94726-0500<\/a>\n<br>\n<a href=\"tel:(+55)11-94726-0500\">(+55) 11 94726-0500<\/a>\n<br>\n<\/div><\/div>\t\t<\/div>\r\n\t\t\t\t<\/div>\n\t\t\t\t\t<\/div>\n\t\t<\/div>\n\t\t\t\t\t<\/div>\n\t\t<\/section>\n\t\t<div class=\"elementor-element elementor-element-07b9756 e-flex e-con-boxed e-con e-parent\" data-id=\"07b9756\" data-element_type=\"container\" data-e-type=\"container\">\n\t\t\t\t\t<div class=\"e-con-inner\">\n\t\t\t\t<div class=\"elementor-element elementor-element-fe5201a elementor-widget elementor-widget-heading\" data-id=\"fe5201a\" data-element_type=\"widget\" data-e-type=\"widget\" data-widget_type=\"heading.default\">\n\t\t\t\t\t<h2 class=\"elementor-heading-title elementor-size-default\">Nossas Redes Sociais<\/h2>\t\t\t\t<\/div>\n\t\t\t\t\t<\/div>\n\t\t\t\t<\/div>\n\t\t<div class=\"elementor-element elementor-element-7336619 e-flex e-con-boxed e-con e-parent\" data-id=\"7336619\" data-element_type=\"container\" data-e-type=\"container\">\n\t\t\t\t\t<div class=\"e-con-inner\">\n\t\t\t\t<div class=\"elementor-element elementor-element-797332f elementor-shape-circle elementor-grid-0 e-grid-align-center elementor-widget elementor-widget-social-icons\" data-id=\"797332f\" data-element_type=\"widget\" data-e-type=\"widget\" data-widget_type=\"social-icons.default\">\n\t\t\t\t\t\t\t<div class=\"elementor-social-icons-wrapper elementor-grid\" role=\"list\">\n\t\t\t\t\t\t\t<span class=\"elementor-grid-item\" role=\"listitem\">\n\t\t\t\t\t<a class=\"elementor-icon elementor-social-icon elementor-social-icon-instagram elementor-repeater-item-2d4b219\" href=\"https:\/\/www.instagram.com\/acasadarocha\/?hl=pt\" target=\"_blank\">\n\t\t\t\t\t\t<span class=\"elementor-screen-only\">Instagram<\/span>\n\t\t\t\t\t\t<svg aria-hidden=\"true\" class=\"e-font-icon-svg e-fab-instagram\" viewbox=\"0 0 448 512\" xmlns=\"http:\/\/www.w3.org\/2000\/svg\"><path d=\"M224.1 141c-63.6 0-114.9 51.3-114.9 114.9s51.3 114.9 114.9 114.9S339 319.5 339 255.9 287.7 141 224.1 141zm0 189.6c-41.1 0-74.7-33.5-74.7-74.7s33.5-74.7 74.7-74.7 74.7 33.5 74.7 74.7-33.6 74.7-74.7 74.7zm146.4-194.3c0 14.9-12 26.8-26.8 26.8-14.9 0-26.8-12-26.8-26.8s12-26.8 26.8-26.8 26.8 12 26.8 26.8zm76.1 27.2c-1.7-35.9-9.9-67.7-36.2-93.9-26.2-26.2-58-34.4-93.9-36.2-37-2.1-147.9-2.1-184.9 0-35.8 1.7-67.6 9.9-93.9 36.1s-34.4 58-36.2 93.9c-2.1 37-2.1 147.9 0 184.9 1.7 35.9 9.9 67.7 36.2 93.9s58 34.4 93.9 36.2c37 2.1 147.9 2.1 184.9 0 35.9-1.7 67.7-9.9 93.9-36.2 26.2-26.2 34.4-58 36.2-93.9 2.1-37 2.1-147.8 0-184.8zM398.8 388c-7.8 19.6-22.9 34.7-42.6 42.6-29.5 11.7-99.5 9-132.1 9s-102.7 2.6-132.1-9c-19.6-7.8-34.7-22.9-42.6-42.6-11.7-29.5-9-99.5-9-132.1s-2.6-102.7 9-132.1c7.8-19.6 22.9-34.7 42.6-42.6 29.5-11.7 99.5-9 132.1-9s102.7-2.6 132.1 9c19.6 7.8 34.7 22.9 42.6 42.6 11.7 29.5 9 99.5 9 132.1s2.7 102.7-9 132.1z\"><\/path><\/svg>\t\t\t\t\t<\/a>\n\t\t\t\t<\/span>\n\t\t\t\t\t\t\t<span class=\"elementor-grid-item\" role=\"listitem\">\n\t\t\t\t\t<a class=\"elementor-icon elementor-social-icon elementor-social-icon-facebook elementor-repeater-item-303aaa9\" href=\"https:\/\/www.facebook.com\/casadarocha\/?locale=pt_BR\" target=\"_blank\">\n\t\t\t\t\t\t<span class=\"elementor-screen-only\">Facebook<\/span>\n\t\t\t\t\t\t<svg aria-hidden=\"true\" class=\"e-font-icon-svg e-fab-facebook\" viewbox=\"0 0 512 512\" xmlns=\"http:\/\/www.w3.org\/2000\/svg\"><path d=\"M504 256C504 119 393 8 256 8S8 119 8 256c0 123.78 90.69 226.38 209.25 245V327.69h-63V256h63v-54.64c0-62.15 37-96.48 93.67-96.48 27.14 0 55.52 4.84 55.52 4.84v61h-31.28c-30.8 0-40.41 19.12-40.41 38.73V256h68.78l-11 71.69h-57.78V501C413.31 482.38 504 379.78 504 256z\"><\/path><\/svg>\t\t\t\t\t<\/a>\n\t\t\t\t<\/span>\n\t\t\t\t\t\t\t<span class=\"elementor-grid-item\" role=\"listitem\">\n\t\t\t\t\t<a class=\"elementor-icon elementor-social-icon elementor-social-icon-youtube elementor-repeater-item-17abc39\" href=\"https:\/\/www.youtube.com\/casadarocha\" target=\"_blank\">\n\t\t\t\t\t\t<span class=\"elementor-screen-only\">Youtube<\/span>\n\t\t\t\t\t\t<svg aria-hidden=\"true\" class=\"e-font-icon-svg e-fab-youtube\" viewbox=\"0 0 576 512\" xmlns=\"http:\/\/www.w3.org\/2000\/svg\"><path d=\"M549.655 124.083c-6.281-23.65-24.787-42.276-48.284-48.597C458.781 64 288 64 288 64S117.22 64 74.629 75.486c-23.497 6.322-42.003 24.947-48.284 48.597-11.412 42.867-11.412 132.305-11.412 132.305s0 89.438 11.412 132.305c6.281 23.65 24.787 41.5 48.284 47.821C117.22 448 288 448 288 448s170.78 0 213.371-11.486c23.497-6.321 42.003-24.171 48.284-47.821 11.412-42.867 11.412-132.305 11.412-132.305s0-89.438-11.412-132.305zm-317.51 213.508V175.185l142.739 81.205-142.739 81.201z\"><\/path><\/svg>\t\t\t\t\t<\/a>\n\t\t\t\t<\/span>\n\t\t\t\t\t\t\t<span class=\"elementor-grid-item\" role=\"listitem\">\n\t\t\t\t\t<a class=\"elementor-icon elementor-social-icon elementor-social-icon-spotify elementor-repeater-item-aecd19f\" href=\"https:\/\/open.spotify.com\/show\/0eFOL5pJ1QW4sR7OMcn5GX?si=257761f20a3442f4\" target=\"_blank\">\n\t\t\t\t\t\t<span class=\"elementor-screen-only\">Spotify<\/span>\n\t\t\t\t\t\t<svg aria-hidden=\"true\" class=\"e-font-icon-svg e-fab-spotify\" viewbox=\"0 0 496 512\" xmlns=\"http:\/\/www.w3.org\/2000\/svg\"><path d=\"M248 8C111.1 8 0 119.1 0 256s111.1 248 248 248 248-111.1 248-248S384.9 8 248 8zm100.7 364.9c-4.2 0-6.8-1.3-10.7-3.6-62.4-37.6-135-39.2-206.7-24.5-3.9 1-9 2.6-11.9 2.6-9.7 0-15.8-7.7-15.8-15.8 0-10.3 6.1-15.2 13.6-16.8 81.9-18.1 165.6-16.5 237 26.2 6.1 3.9 9.7 7.4 9.7 16.5s-7.1 15.4-15.2 15.4zm26.9-65.6c-5.2 0-8.7-2.3-12.3-4.2-62.5-37-155.7-51.9-238.6-29.4-4.8 1.3-7.4 2.6-11.9 2.6-10.7 0-19.4-8.7-19.4-19.4s5.2-17.8 15.5-20.7c27.8-7.8 56.2-13.6 97.8-13.6 64.9 0 127.6 16.1 177 45.5 8.1 4.8 11.3 11 11.3 19.7-.1 10.8-8.5 19.5-19.4 19.5zm31-76.2c-5.2 0-8.4-1.3-12.9-3.9-71.2-42.5-198.5-52.7-280.9-29.7-3.6 1-8.1 2.6-12.9 2.6-13.2 0-23.3-10.3-23.3-23.6 0-13.6 8.4-21.3 17.4-23.9 35.2-10.3 74.6-15.2 117.5-15.2 73 0 149.5 15.2 205.4 47.8 7.8 4.5 12.9 10.7 12.9 22.6 0 13.6-11 23.3-23.2 23.3z\"><\/path><\/svg>\t\t\t\t\t<\/a>\n\t\t\t\t<\/span>\n\t\t\t\t\t<\/div>\n\t\t\t\t\t\t<\/div>\n\t\t\t\t\t<\/div>\n\t\t\t\t<\/div>\n\t\t\t\t<section class=\"elementor-section elementor-top-section elementor-element elementor-element-a56d9dd elementor-section-boxed elementor-section-height-default elementor-section-height-default\" data-id=\"a56d9dd\" data-element_type=\"section\" data-e-type=\"section\">\n\t\t\t\t\t\t<div class=\"elementor-container elementor-column-gap-default\">\n\t\t\t\t\t<div class=\"elementor-column elementor-col-50 elementor-top-column elementor-element elementor-element-f923e4d\" data-id=\"f923e4d\" data-element_type=\"column\" data-e-type=\"column\">\n\t\t\t<div class=\"elementor-widget-wrap elementor-element-populated\">\n\t\t\t\t\t\t<div class=\"elementor-element elementor-element-47726a6 elementor-widget elementor-widget-zegenfeaturebox\" data-id=\"47726a6\" data-element_type=\"widget\" data-e-type=\"widget\" data-widget_type=\"zegenfeaturebox.default\">\n\t\t\t\t<div class=\"elementor-widget-container feature-box-wrapper text-center feature-box-classic shortcode-rand-4 zegen-inline-css\" data-css=\"&quot;.shortcode-rand-4.feature-box-wrapper .feature-box-inner &gt; *:nth-child(1), .shortcode-rand-4.feature-box-wrapper &gt; .media &gt; .media-body &gt; *:nth-child(1) { margin-bottom: 10px; }.shortcode-rand-4.feature-box-wrapper .feature-box-inner &gt; *:nth-child(2), .shortcode-rand-4.feature-box-wrapper &gt; .media &gt; .media-body &gt; *:nth-child(2) { margin-bottom: 10px; }&quot;\">\r\n\t\t\t<div class=\"feature-box-inner\"><div class=\"feature-box-icon\"><span class=\"text-center icon-icon-light rounded-circle fbox-icon-middle ti-location-pin\"><\/span><\/div><h5 class=\"feature-box-title\">A Casa da Rocha (Escrit\u00f3rio)<\/h5><div class=\"fbox-content\"> Hor\u00e1rio de Funcionamento: Segunda a Sexta das 09h \u00e0s 18h00  -   Rua da Independ\u00eancia 866 - Cambuci - S\u00e3o Paulo\/SP - Brasil   \n\n<\/div><\/div>\t\t<\/div>\r\n\t\t\t\t<\/div>\n\t\t\t\t\t<\/div>\n\t\t<\/div>\n\t\t\t\t<div class=\"elementor-column elementor-col-50 elementor-top-column elementor-element elementor-element-b2ac3a6\" data-id=\"b2ac3a6\" data-element_type=\"column\" data-e-type=\"column\">\n\t\t\t<div class=\"elementor-widget-wrap elementor-element-populated\">\n\t\t\t\t\t\t<div class=\"elementor-element elementor-element-ad240ea elementor-widget__width-initial elementor-widget elementor-widget-image\" data-id=\"ad240ea\" data-element_type=\"widget\" data-e-type=\"widget\" data-widget_type=\"image.default\">\n\t\t\t\t\t\t\t\t\t\t\t\t\t\t\t<img fetchpriority=\"high\" decoding=\"async\" width=\"512\" height=\"512\" src=\"https:\/\/acasadarocha.com.br\/wp-content\/uploads\/2025\/12\/cropped-logo-casa-vermelho.png\" class=\"attachment-full size-full wp-image-20908\" alt=\"\" srcset=\"https:\/\/acasadarocha.com.br\/wp-content\/uploads\/2025\/12\/cropped-logo-casa-vermelho.png 512w, https:\/\/acasadarocha.com.br\/wp-content\/uploads\/2025\/12\/cropped-logo-casa-vermelho-80x80.png 80w, https:\/\/acasadarocha.com.br\/wp-content\/uploads\/2025\/12\/cropped-logo-casa-vermelho-300x300.png 300w, https:\/\/acasadarocha.com.br\/wp-content\/uploads\/2025\/12\/cropped-logo-casa-vermelho-100x100.png 100w, https:\/\/acasadarocha.com.br\/wp-content\/uploads\/2025\/12\/cropped-logo-casa-vermelho-270x270.png 270w, https:\/\/acasadarocha.com.br\/wp-content\/uploads\/2025\/12\/cropped-logo-casa-vermelho-192x192.png 192w, https:\/\/acasadarocha.com.br\/wp-content\/uploads\/2025\/12\/cropped-logo-casa-vermelho-180x180.png 180w, https:\/\/acasadarocha.com.br\/wp-content\/uploads\/2025\/12\/cropped-logo-casa-vermelho-32x32.png 32w\" sizes=\"(max-width: 512px) 100vw, 512px\" \/>\t\t\t\t\t\t\t\t\t\t\t\t\t\t\t<\/div>\n\t\t\t\t\t<\/div>\n\t\t<\/div>\n\t\t\t\t\t<\/div>\n\t\t<\/section>\n\t\t\t\t<section class=\"elementor-section elementor-top-section elementor-element elementor-element-48429e8 elementor-section-full_width elementor-section-height-default elementor-section-height-default\" data-id=\"48429e8\" data-element_type=\"section\" data-e-type=\"section\">\n\t\t\t\t\t\t<div class=\"elementor-container elementor-column-gap-no\">\n\t\t\t\t\t<div class=\"elementor-column elementor-col-100 elementor-top-column elementor-element elementor-element-52c48c7\" data-id=\"52c48c7\" data-element_type=\"column\" data-e-type=\"column\">\n\t\t\t<div class=\"elementor-widget-wrap elementor-element-populated\">\n\t\t\t\t\t\t<div class=\"elementor-element elementor-element-abbd9c6 elementor-widget elementor-widget-google_maps\" data-id=\"abbd9c6\" data-element_type=\"widget\" data-e-type=\"widget\" data-widget_type=\"google_maps.default\">\n\t\t\t\t\t\t\t<div class=\"elementor-custom-embed\">\n\t\t\t<iframe loading=\"lazy\"\n\t\t\t\t\tsrc=\"https:\/\/maps.google.com\/maps?q=Rua%20da%20Independ%C3%AAncia%20850%2C%20S&#038;t=m&#038;z=14&#038;output=embed&#038;iwloc=near\"\n\t\t\t\t\ttitle=\"Rua da Independ\u00eancia 850, S\"\n\t\t\t\t\taria-label=\"Rua da Independ\u00eancia 850, S\"\n\t\t\t><\/iframe>\n\t\t<\/div>\n\t\t\t\t\t\t<\/div>\n\t\t\t\t\t<\/div>\n\t\t<\/div>\n\t\t\t\t\t<\/div>\n\t\t<\/section>\n\t\t\t\t<\/div>","protected":false},"excerpt":{"rendered":"<p>E-mails secretaria@acasadarocha.com.br nossacasa@acasadarocha.com.br Localiza\u00e7\u00e3o (Igreja) Rua da Independ\u00eancia 850 &#8211; Cambuci &#8211; S\u00e3o Paulo\/SP &#8211; Brasil WhatsApp Secretaria (+55) 11 94726-0500 (+55) 11 94726-0500 Nossas Redes Sociais Instagram Facebook Youtube Spotify A Casa da Rocha (Escrit\u00f3rio) Hor\u00e1rio de Funcionamento: Segunda a Sexta das 09h \u00e0s 18h00 &#8211; Rua da Independ\u00eancia 866 &#8211; Cambuci &#8211; S\u00e3o<\/p>","protected":false},"author":1,"featured_media":0,"parent":0,"menu_order":0,"comment_status":"closed","ping_status":"closed","template":"","meta":{"_uag_custom_page_level_css":"","_monsterinsights_skip_tracking":false,"_monsterinsights_sitenote_active":false,"_monsterinsights_sitenote_note":"","_monsterinsights_sitenote_category":0,"footnotes":""},"class_list":["post-5662","page","type-page","status-publish","hentry"],"aioseo_notices":[],"_hostinger_reach_plugin_has_subscription_block":false,"_hostinger_reach_plugin_is_elementor":false,"uagb_featured_image_src":{"full":false,"thumbnail":false,"medium":false,"medium_large":false,"large":false,"1536x1536":false,"2048x2048":false,"trp-custom-language-flag":false,"woocommerce_thumbnail":false,"woocommerce_single":false,"woocommerce_gallery_thumbnail":false},"uagb_author_info":{"display_name":"adm@acasadarocha.com.br","author_link":"https:\/\/acasadarocha.com.br\/en\/author\/admacasadarocha-com-br\/"},"uagb_comment_info":0,"uagb_excerpt":"E-mails secretaria@acasadarocha.com.br nossacasa@acasadarocha.com.br Localiza\u00e7\u00e3o (Igreja) Rua da Independ\u00eancia 850 &#8211; Cambuci &#8211; S\u00e3o Paulo\/SP &#8211; Brasil WhatsApp Secretaria (+55) 11 94726-0500 (+55) 11 94726-0500 Nossas Redes Sociais Instagram Facebook Youtube Spotify A Casa da Rocha (Escrit\u00f3rio) Hor\u00e1rio de Funcionamento: Segunda a Sexta das 09h \u00e0s 18h00 &#8211; Rua da Independ\u00eancia 866 &#8211; Cambuci &#8211; S\u00e3o","_links":{"self":[{"href":"https:\/\/acasadarocha.com.br\/en\/wp-json\/wp\/v2\/pages\/5662","targetHints":{"allow":["GET"]}}],"collection":[{"href":"https:\/\/acasadarocha.com.br\/en\/wp-json\/wp\/v2\/pages"}],"about":[{"href":"https:\/\/acasadarocha.com.br\/en\/wp-json\/wp\/v2\/types\/page"}],"author":[{"embeddable":true,"href":"https:\/\/acasadarocha.com.br\/en\/wp-json\/wp\/v2\/users\/1"}],"replies":[{"embeddable":true,"href":"https:\/\/acasadarocha.com.br\/en\/wp-json\/wp\/v2\/comments?post=5662"}],"version-history":[{"count":49,"href":"https:\/\/acasadarocha.com.br\/en\/wp-json\/wp\/v2\/pages\/5662\/revisions"}],"predecessor-version":[{"id":22096,"href":"https:\/\/acasadarocha.com.br\/en\/wp-json\/wp\/v2\/pages\/5662\/revisions\/22096"}],"wp:attachment":[{"href":"https:\/\/acasadarocha.com.br\/en\/wp-json\/wp\/v2\/media?parent=5662"}],"curies":[{"name":"wp","href":"https:\/\/api.w.org\/{rel}","templated":true}]}}