{"id":5544,"date":"2019-10-31T09:48:07","date_gmt":"2019-10-31T09:48:07","guid":{"rendered":"https:\/\/elementor.zozothemes.com\/zegen\/home-copy\/"},"modified":"2025-12-18T21:53:25","modified_gmt":"2025-12-18T21:53:25","slug":"about-us","status":"publish","type":"page","link":"https:\/\/acasadarocha.com.br\/en\/about-us\/","title":{"rendered":"Sobre N\u00f3s"},"content":{"rendered":"<div data-elementor-type=\"wp-page\" data-elementor-id=\"5544\" class=\"elementor elementor-5544\" data-elementor-post-type=\"page\">\n\t\t\t\t\t\t<section class=\"elementor-section elementor-top-section elementor-element elementor-element-5065efd elementor-section-content-middle elementor-section-stretched elementor-section-boxed elementor-section-height-default elementor-section-height-default\" data-id=\"5065efd\" data-element_type=\"section\" data-e-type=\"section\" data-settings=\"{&quot;stretch_section&quot;:&quot;section-stretched&quot;}\">\n\t\t\t\t\t\t<div class=\"elementor-container elementor-column-gap-default\">\n\t\t\t\t\t<div class=\"elementor-column elementor-col-50 elementor-top-column elementor-element elementor-element-198b15f\" data-id=\"198b15f\" data-element_type=\"column\" data-e-type=\"column\">\n\t\t\t<div class=\"elementor-widget-wrap elementor-element-populated\">\n\t\t\t\t\t\t<div class=\"elementor-element elementor-element-491d8b2 elementor-widget elementor-widget-image\" data-id=\"491d8b2\" data-element_type=\"widget\" data-e-type=\"widget\" data-widget_type=\"image.default\">\n\t\t\t\t\t\t\t\t\t\t\t\t\t\t\t<img fetchpriority=\"high\" decoding=\"async\" width=\"600\" height=\"600\" src=\"https:\/\/acasadarocha.com.br\/wp-content\/uploads\/2025\/12\/logo-casa-vermelho.png\" class=\"attachment-large size-large wp-image-20907\" alt=\"\" srcset=\"https:\/\/acasadarocha.com.br\/wp-content\/uploads\/2025\/12\/logo-casa-vermelho.png 600w, https:\/\/acasadarocha.com.br\/wp-content\/uploads\/2025\/12\/logo-casa-vermelho-80x80.png 80w, https:\/\/acasadarocha.com.br\/wp-content\/uploads\/2025\/12\/logo-casa-vermelho-300x300.png 300w, https:\/\/acasadarocha.com.br\/wp-content\/uploads\/2025\/12\/logo-casa-vermelho-100x100.png 100w\" sizes=\"(max-width: 600px) 100vw, 600px\" \/>\t\t\t\t\t\t\t\t\t\t\t\t\t\t\t<\/div>\n\t\t\t\t\t<\/div>\n\t\t<\/div>\n\t\t\t\t<div class=\"elementor-column elementor-col-50 elementor-top-column elementor-element elementor-element-902493c ps-lg-5\" data-id=\"902493c\" data-element_type=\"column\" data-e-type=\"column\">\n\t\t\t<div class=\"elementor-widget-wrap elementor-element-populated\">\n\t\t\t\t\t\t<div class=\"elementor-element elementor-element-bc4aad8 elementor-widget elementor-widget-zegensectiontitle\" data-id=\"bc4aad8\" data-element_type=\"widget\" data-e-type=\"widget\" data-widget_type=\"zegensectiontitle.default\">\n\t\t\t\t<div class=\"elementor-widget-container\">\n\t\t\t\t\t<div class=\"section-title-wrapper margin-bottom-20\"><div class=\"title-wrap\"><span class=\"sub-title\">SOBRE N\u00d3S<\/span><h2 class=\"section-title\">Somos Casa<\/h2><span class=\"title-separator separator-border theme-color-bg\"><\/span><\/div><!-- .title-wrap --><div class=\"section-description\">Celebra\u00e7\u00f5es aos Domingos 09h | 11h | 18h30<\/div><!-- .section-description --><\/div><!-- .section-title-wrapper -->\t\t\t\t<\/div>\n\t\t\t\t<\/div>\n\t\t\t\t<div class=\"elementor-element elementor-element-b5e1113 elementor-widget elementor-widget-video\" data-id=\"b5e1113\" data-element_type=\"widget\" data-e-type=\"widget\" data-settings=\"{&quot;youtube_url&quot;:&quot;https:\\\/\\\/www.youtube.com\\\/watch?v=l8ZnqhZt1_8&quot;,&quot;video_type&quot;:&quot;youtube&quot;,&quot;controls&quot;:&quot;yes&quot;}\" data-widget_type=\"video.default\">\n\t\t\t\t\t\t\t<div class=\"elementor-wrapper elementor-open-inline\">\n\t\t\t<div class=\"elementor-video\"><\/div>\t\t<\/div>\n\t\t\t\t\t\t<\/div>\n\t\t\t\t\t<\/div>\n\t\t<\/div>\n\t\t\t\t\t<\/div>\n\t\t<\/section>\n\t\t\t\t<section data-zegen-parallax-data=\"{&quot;parallax_ratio&quot;:&quot;2&quot;,&quot;parallax_image&quot;:&quot;https:\\\/\\\/elementor.zozothemes.com\\\/zegen\\\/wp-content\\\/uploads\\\/sites\\\/2\\\/2019\\\/10\\\/events_imgs3-1.jpg&quot;}\" class=\"elementor-section elementor-inner-section elementor-element elementor-element-0594e65 elementor-section-full_width elementor-section-height-default elementor-section-height-default\" data-id=\"0594e65\" data-element_type=\"section\" data-e-type=\"section\" data-settings=\"{&quot;background_background&quot;:&quot;classic&quot;}\">\n\t\t\t\t\t\t\t<div class=\"elementor-background-overlay\"><\/div>\n\t\t\t\t\t\t\t<div class=\"elementor-container elementor-column-gap-default\">\n\t\t\t\t\t<div class=\"elementor-column elementor-col-50 elementor-inner-column elementor-element elementor-element-17516cb\" data-id=\"17516cb\" data-element_type=\"column\" data-e-type=\"column\">\n\t\t\t<div class=\"elementor-widget-wrap elementor-element-populated\">\n\t\t\t\t\t\t<div class=\"elementor-element elementor-element-4307fc6 elementor-widget elementor-widget-zegenpopup-anything\" data-id=\"4307fc6\" data-element_type=\"widget\" data-e-type=\"widget\" data-widget_type=\"zegenpopup-anything.default\">\n\t\t\t\t\r\n\t\t<div class=\"elementor-widget-container popup-anything-wrapper anim text-center\">\r\n\t\t\r\n\t\t\t<a class=\"popup-video-post popup-trigger-icon icon-icon-light\" href=\"https:\/\/www.youtube.com\/casadarocha\"><span class=\"ti-control-play\"><\/span><\/a>\t\t\t\r\n\t\t<\/div>\r\n\t\t\t\t<\/div>\n\t\t\t\t\t<\/div>\n\t\t<\/div>\n\t\t\t\t<div class=\"elementor-column elementor-col-50 elementor-inner-column elementor-element elementor-element-5151492\" data-id=\"5151492\" data-element_type=\"column\" data-e-type=\"column\">\n\t\t\t<div class=\"elementor-widget-wrap elementor-element-populated\">\n\t\t\t\t\t\t<div class=\"elementor-element elementor-element-58ac993 elementor-widget elementor-widget-zegensectiontitle\" data-id=\"58ac993\" data-element_type=\"widget\" data-e-type=\"widget\" data-widget_type=\"zegensectiontitle.default\">\n\t\t\t\t<div class=\"elementor-widget-container\">\n\t\t\t\t\t<div class=\"section-title-wrapper custom-title-1 mb-0\"><div class=\"title-wrap\"><h2 class=\"section-title\">Todas as S\u00e9ries de mensagenst\u00e3o em nosso canal do YouTube e em \u00e1udio nas principais plataformas de streaming.<\/h2><\/div><!-- .title-wrap --><div class=\"section-description\"><\/div><!-- .section-description --><\/div><!-- .section-title-wrapper -->\t\t\t\t<\/div>\n\t\t\t\t<\/div>\n\t\t\t\t\t<\/div>\n\t\t<\/div>\n\t\t\t\t\t<\/div>\n\t\t<\/section>\n\t\t<div class=\"elementor-element elementor-element-46b6cc4 e-flex e-con-boxed e-con e-parent\" data-id=\"46b6cc4\" data-element_type=\"container\" data-e-type=\"container\">\n\t\t\t\t\t<div class=\"e-con-inner\">\n\t\t\t\t<div class=\"elementor-element elementor-element-9436e54 elementor-widget elementor-widget-image\" data-id=\"9436e54\" data-element_type=\"widget\" data-e-type=\"widget\" data-widget_type=\"image.default\">\n\t\t\t\t\t\t\t\t\t\t\t\t\t\t\t<img decoding=\"async\" width=\"151\" height=\"154\" src=\"https:\/\/acasadarocha.com.br\/wp-content\/uploads\/2025\/12\/LOGO-casa3.png\" class=\"attachment-large size-large wp-image-21163\" alt=\"\" srcset=\"https:\/\/acasadarocha.com.br\/wp-content\/uploads\/2025\/12\/LOGO-casa3.png 151w, https:\/\/acasadarocha.com.br\/wp-content\/uploads\/2025\/12\/LOGO-casa3-12x12.png 12w\" sizes=\"(max-width: 151px) 100vw, 151px\" \/>\t\t\t\t\t\t\t\t\t\t\t\t\t\t\t<\/div>\n\t\t\t\t<div class=\"elementor-element elementor-element-dfcacd3 elementor-widget elementor-widget-heading\" data-id=\"dfcacd3\" data-element_type=\"widget\" data-e-type=\"widget\" data-widget_type=\"heading.default\">\n\t\t\t\t\t<h2 class=\"elementor-heading-title elementor-size-default\">A Cruz<\/h2>\t\t\t\t<\/div>\n\t\t\t\t<div class=\"elementor-element elementor-element-cc24e62 elementor-widget elementor-widget-text-editor\" data-id=\"cc24e62\" data-element_type=\"widget\" data-e-type=\"widget\" data-widget_type=\"text-editor.default\">\n\t\t\t\t\t\t\t\t\t<p>Acreditamos que nossas rela\u00e7\u00f5es se desenvolvem no modelo da Cruz. Todos os Valores do ser humano, seus sentimentos, seus desejos, seu trabalho e suas rela\u00e7\u00f5es s\u00f3 podem ser sustentadas no sacrif\u00edcio, pois o Verdadeiro Amor \u00e9 uma entrega sacrificial.<\/p>\t\t\t\t\t\t\t\t<\/div>\n\t\t\t\t<div class=\"elementor-element elementor-element-4aae3e9 elementor-widget-divider--view-line elementor-widget elementor-widget-divider\" data-id=\"4aae3e9\" data-element_type=\"widget\" data-e-type=\"widget\" data-widget_type=\"divider.default\">\n\t\t\t\t\t\t\t<div class=\"elementor-divider\">\n\t\t\t<span class=\"elementor-divider-separator\">\n\t\t\t\t\t\t<\/span>\n\t\t<\/div>\n\t\t\t\t\t\t<\/div>\n\t\t\t\t\t<\/div>\n\t\t\t\t<\/div>\n\t\t<div class=\"elementor-element elementor-element-27ba7e0 e-flex e-con-boxed e-con e-parent\" data-id=\"27ba7e0\" data-element_type=\"container\" data-e-type=\"container\">\n\t\t\t\t\t<div class=\"e-con-inner\">\n\t\t\t\t<div class=\"elementor-element elementor-element-b830de1 elementor-widget elementor-widget-image\" data-id=\"b830de1\" data-element_type=\"widget\" data-e-type=\"widget\" data-widget_type=\"image.default\">\n\t\t\t\t\t\t\t\t\t\t\t\t\t\t\t<img decoding=\"async\" width=\"151\" height=\"154\" src=\"https:\/\/acasadarocha.com.br\/wp-content\/uploads\/2025\/12\/amor-e-graca.png\" class=\"attachment-large size-large wp-image-21180\" alt=\"\" srcset=\"https:\/\/acasadarocha.com.br\/wp-content\/uploads\/2025\/12\/amor-e-graca.png 151w, https:\/\/acasadarocha.com.br\/wp-content\/uploads\/2025\/12\/amor-e-graca-12x12.png 12w\" sizes=\"(max-width: 151px) 100vw, 151px\" \/>\t\t\t\t\t\t\t\t\t\t\t\t\t\t\t<\/div>\n\t\t\t\t<div class=\"elementor-element elementor-element-8d487d1 elementor-widget elementor-widget-heading\" data-id=\"8d487d1\" data-element_type=\"widget\" data-e-type=\"widget\" data-widget_type=\"heading.default\">\n\t\t\t\t\t<h2 class=\"elementor-heading-title elementor-size-default\">Amor e Gra\u00e7a<\/h2>\t\t\t\t<\/div>\n\t\t\t\t<div class=\"elementor-element elementor-element-f1ce8e9 elementor-widget elementor-widget-text-editor\" data-id=\"f1ce8e9\" data-element_type=\"widget\" data-e-type=\"widget\" data-widget_type=\"text-editor.default\">\n\t\t\t\t\t\t\t\t\t<p>Acreditamos que nossas rela\u00e7\u00f5es se desenvolvem no modelo da Cruz. Todos os Valores do ser humano, seus sentimentos, seus desejos, seu trabalho e suas rela\u00e7\u00f5es s\u00f3 podem ser sustentadas no sacrif\u00edcio, pois o Verdadeiro Amor \u00e9 uma entrega sacrificial.<\/p>\t\t\t\t\t\t\t\t<\/div>\n\t\t\t\t<div class=\"elementor-element elementor-element-b55681a elementor-widget-divider--view-line elementor-widget elementor-widget-divider\" data-id=\"b55681a\" data-element_type=\"widget\" data-e-type=\"widget\" data-widget_type=\"divider.default\">\n\t\t\t\t\t\t\t<div class=\"elementor-divider\">\n\t\t\t<span class=\"elementor-divider-separator\">\n\t\t\t\t\t\t<\/span>\n\t\t<\/div>\n\t\t\t\t\t\t<\/div>\n\t\t\t\t\t<\/div>\n\t\t\t\t<\/div>\n\t\t<div class=\"elementor-element elementor-element-6e93201 e-flex e-con-boxed e-con e-parent\" data-id=\"6e93201\" data-element_type=\"container\" data-e-type=\"container\">\n\t\t\t\t\t<div class=\"e-con-inner\">\n\t\t\t\t<div class=\"elementor-element elementor-element-83086ee elementor-widget elementor-widget-image\" data-id=\"83086ee\" data-element_type=\"widget\" data-e-type=\"widget\" data-widget_type=\"image.default\">\n\t\t\t\t\t\t\t\t\t\t\t\t\t\t\t<img loading=\"lazy\" decoding=\"async\" width=\"151\" height=\"154\" src=\"https:\/\/acasadarocha.com.br\/wp-content\/uploads\/2025\/12\/somos-casa.png\" class=\"attachment-large size-large wp-image-21184\" alt=\"\" srcset=\"https:\/\/acasadarocha.com.br\/wp-content\/uploads\/2025\/12\/somos-casa.png 151w, https:\/\/acasadarocha.com.br\/wp-content\/uploads\/2025\/12\/somos-casa-12x12.png 12w\" sizes=\"(max-width: 151px) 100vw, 151px\" \/>\t\t\t\t\t\t\t\t\t\t\t\t\t\t\t<\/div>\n\t\t\t\t<div class=\"elementor-element elementor-element-1d04390 elementor-widget elementor-widget-heading\" data-id=\"1d04390\" data-element_type=\"widget\" data-e-type=\"widget\" data-widget_type=\"heading.default\">\n\t\t\t\t\t<h2 class=\"elementor-heading-title elementor-size-default\">Somos Casa<\/h2>\t\t\t\t<\/div>\n\t\t\t\t<div class=\"elementor-element elementor-element-676380a elementor-widget elementor-widget-text-editor\" data-id=\"676380a\" data-element_type=\"widget\" data-e-type=\"widget\" data-widget_type=\"text-editor.default\">\n\t\t\t\t\t\t\t\t\t<p>Acreditamos que somos edificados casa espiritual e que nossas vigas e colunas trabalham levando as cargas uma das outras. A Cruz onde Cristo levou o pecado sobre nossos ombros deve ser vista no fato de levarmos as cargas uns dos outros.<\/p>\t\t\t\t\t\t\t\t<\/div>\n\t\t\t\t<div class=\"elementor-element elementor-element-c44771a elementor-widget-divider--view-line elementor-widget elementor-widget-divider\" data-id=\"c44771a\" data-element_type=\"widget\" data-e-type=\"widget\" data-widget_type=\"divider.default\">\n\t\t\t\t\t\t\t<div class=\"elementor-divider\">\n\t\t\t<span class=\"elementor-divider-separator\">\n\t\t\t\t\t\t<\/span>\n\t\t<\/div>\n\t\t\t\t\t\t<\/div>\n\t\t\t\t\t<\/div>\n\t\t\t\t<\/div>\n\t\t<div class=\"elementor-element elementor-element-81c46e7 e-flex e-con-boxed e-con e-parent\" data-id=\"81c46e7\" data-element_type=\"container\" data-e-type=\"container\">\n\t\t\t\t\t<div class=\"e-con-inner\">\n\t\t\t\t<div class=\"elementor-element elementor-element-f834d72 elementor-widget elementor-widget-image\" data-id=\"f834d72\" data-element_type=\"widget\" data-e-type=\"widget\" data-widget_type=\"image.default\">\n\t\t\t\t\t\t\t\t\t\t\t\t\t\t\t<img loading=\"lazy\" decoding=\"async\" width=\"151\" height=\"154\" src=\"https:\/\/acasadarocha.com.br\/wp-content\/uploads\/2025\/12\/nosnacidade.png\" class=\"attachment-large size-large wp-image-21189\" alt=\"\" srcset=\"https:\/\/acasadarocha.com.br\/wp-content\/uploads\/2025\/12\/nosnacidade.png 151w, https:\/\/acasadarocha.com.br\/wp-content\/uploads\/2025\/12\/nosnacidade-12x12.png 12w\" sizes=\"(max-width: 151px) 100vw, 151px\" \/>\t\t\t\t\t\t\t\t\t\t\t\t\t\t\t<\/div>\n\t\t\t\t<div class=\"elementor-element elementor-element-3749088 elementor-widget elementor-widget-heading\" data-id=\"3749088\" data-element_type=\"widget\" data-e-type=\"widget\" data-widget_type=\"heading.default\">\n\t\t\t\t\t<h2 class=\"elementor-heading-title elementor-size-default\">N\u00f3s da Cidade<\/h2>\t\t\t\t<\/div>\n\t\t\t\t<div class=\"elementor-element elementor-element-cf31dcc elementor-widget elementor-widget-text-editor\" data-id=\"cf31dcc\" data-element_type=\"widget\" data-e-type=\"widget\" data-widget_type=\"text-editor.default\">\n\t\t\t\t\t\t\t\t\t<p>Acreditamos numa cidade que emerge da Cruz de Cristo. Uma cidade onde o resultado de suas transa\u00e7\u00f5es n\u00e3o se baseiam no interesse de uns com o sacrif\u00edcio de muitos, mas se baseiam no sacrif\u00edcio de Um que foi \u00e0 Cruz por todos.<\/p>\t\t\t\t\t\t\t\t<\/div>\n\t\t\t\t<div class=\"elementor-element elementor-element-de5fca7 elementor-widget-divider--view-line elementor-widget elementor-widget-divider\" data-id=\"de5fca7\" data-element_type=\"widget\" data-e-type=\"widget\" data-widget_type=\"divider.default\">\n\t\t\t\t\t\t\t<div class=\"elementor-divider\">\n\t\t\t<span class=\"elementor-divider-separator\">\n\t\t\t\t\t\t<\/span>\n\t\t<\/div>\n\t\t\t\t\t\t<\/div>\n\t\t\t\t\t<\/div>\n\t\t\t\t<\/div>\n\t\t\t\t<section class=\"elementor-section elementor-top-section elementor-element elementor-element-ef3159d elementor-section-boxed elementor-section-height-default elementor-section-height-default\" data-id=\"ef3159d\" data-element_type=\"section\" data-e-type=\"section\" data-settings=\"{&quot;background_background&quot;:&quot;classic&quot;}\">\n\t\t\t\t\t\t\t<div class=\"elementor-background-overlay\"><\/div>\n\t\t\t\t\t\t\t<div class=\"elementor-container elementor-column-gap-default\">\n\t\t\t\t\t<div class=\"elementor-column elementor-col-100 elementor-top-column elementor-element elementor-element-e38f13c\" data-id=\"e38f13c\" data-element_type=\"column\" data-e-type=\"column\">\n\t\t\t<div class=\"elementor-widget-wrap elementor-element-populated\">\n\t\t\t\t\t\t<div class=\"elementor-element elementor-element-8be27ff elementor-widget elementor-widget-zegensectiontitle\" data-id=\"8be27ff\" data-element_type=\"widget\" data-e-type=\"widget\" data-widget_type=\"zegensectiontitle.default\">\n\t\t\t\t<div class=\"elementor-widget-container\">\n\t\t\t\t\t<div class=\"section-title-wrapper custom-title-1 margin-bottom-40 text-center\"><div class=\"title-wrap\"><span class=\"sub-title\">PASTORAL<\/span><h2 class=\"section-title\">Nossos Pastores<\/h2><span class=\"title-separator separator-border theme-color-bg\"><\/span><\/div><!-- .title-wrap --><div class=\"section-description\"><\/div><!-- .section-description --><\/div><!-- .section-title-wrapper -->\t\t\t\t<\/div>\n\t\t\t\t<\/div>\n\t\t\t\t<div class=\"elementor-element elementor-element-604608d elementor-widget elementor-widget-zegenteam\" data-id=\"604608d\" data-element_type=\"widget\" data-e-type=\"widget\" data-widget_type=\"zegenteam.default\">\n\t\t\t\t<div class=\"elementor-widget-container\">\n\t\t\t\t\t<div class=\"team-wrapper team-default text-center team-dark\" data-css=\"&quot;&quot;\"><div class=\"owl-carousel\" data-loop=\"1\" data-margin=\"30\" data-center=\"0\" data-nav=\"0\" data-dots=\"1\" data-autoplay=\"0\" data-items=\"3\" data-items-tab=\"2\" data-items-mob=\"1\" data-duration=\"5000\" data-smartspeed=\"250\" data-scrollby=\"1\" data-autoheight=\"false\"><div class=\"item\"><div class=\"team-inner team-overlay-actived\"><div class=\"team-thumb\"><span class=\"overlay-bg overlay-custom\"><\/span><div class=\"team-overlay overlay-top-left\"><div class=\"team-social-wrap clearfix\"><ul class=\"nav social-icons team-social\"><li><a class=\"social-instagram\" href=\"https:\/\/www.instagram.com\/zebruno_oficial\/?hl=pt-br\" target=\"_blank\"><i class=\"ti-instagram\"><\/i><\/a><\/li><\/ul><\/div> <!-- .team-social-wrap --><\/div><!-- .team-overlay --><img loading=\"lazy\" decoding=\"async\" width=\"542\" height=\"600\" src=\"https:\/\/acasadarocha.com.br\/wp-content\/uploads\/2019\/04\/adsfdfdsf.png\" class=\"img-fluid wp-post-image\" alt=\"\" srcset=\"https:\/\/acasadarocha.com.br\/wp-content\/uploads\/2019\/04\/adsfdfdsf.png 542w, https:\/\/acasadarocha.com.br\/wp-content\/uploads\/2019\/04\/adsfdfdsf-11x12.png 11w\" sizes=\"(max-width: 542px) 100vw, 542px\" \/><\/div><!-- .team-thumb --><div class=\"team-name\"><h3><span class=\"client-name\">Z\u00e9 Bruno<\/span><\/h3><\/div><!-- .team-name --><div class=\"team-designation\">Pastor<\/div><!-- .team-designation --><\/div><!-- .team-inner --><\/div><!-- .item --><div class=\"item\"><div class=\"team-inner team-overlay-actived\"><div class=\"team-thumb\"><span class=\"overlay-bg overlay-custom\"><\/span><div class=\"team-overlay overlay-top-left\"><div class=\"team-social-wrap clearfix\"><ul class=\"nav social-icons team-social\"><li><a class=\"social-instagram\" href=\"https:\/\/www.instagram.com\/gersonmarcal11\/\" target=\"_blank\"><i class=\"ti-instagram\"><\/i><\/a><\/li><\/ul><\/div> <!-- .team-social-wrap --><\/div><!-- .team-overlay --><img loading=\"lazy\" decoding=\"async\" width=\"542\" height=\"600\" src=\"https:\/\/acasadarocha.com.br\/wp-content\/uploads\/2019\/04\/gerson-marcal.png\" class=\"img-fluid wp-post-image\" alt=\"\" srcset=\"https:\/\/acasadarocha.com.br\/wp-content\/uploads\/2019\/04\/gerson-marcal.png 542w, https:\/\/acasadarocha.com.br\/wp-content\/uploads\/2019\/04\/gerson-marcal-11x12.png 11w\" sizes=\"(max-width: 542px) 100vw, 542px\" \/><\/div><!-- .team-thumb --><div class=\"team-name\"><h3><span class=\"client-name\">Gerson Mar\u00e7al<\/span><\/h3><\/div><!-- .team-name --><div class=\"team-designation\">Pastor<\/div><!-- .team-designation --><\/div><!-- .team-inner --><\/div><!-- .item --><div class=\"item\"><div class=\"team-inner team-overlay-actived\"><div class=\"team-thumb\"><span class=\"overlay-bg overlay-custom\"><\/span><div class=\"team-overlay overlay-top-left\"><div class=\"team-social-wrap clearfix\"><ul class=\"nav social-icons team-social\"><li><a class=\"social-instagram\" href=\"https:\/\/www.instagram.com\/prof.danilonavarro\/\" target=\"_blank\"><i class=\"ti-instagram\"><\/i><\/a><\/li><\/ul><\/div> <!-- .team-social-wrap --><\/div><!-- .team-overlay --><img loading=\"lazy\" decoding=\"async\" width=\"542\" height=\"600\" src=\"https:\/\/acasadarocha.com.br\/wp-content\/uploads\/2019\/04\/61-IMG_7457HKJGKGdanilo2.jpg\" class=\"img-fluid wp-post-image\" alt=\"\" srcset=\"https:\/\/acasadarocha.com.br\/wp-content\/uploads\/2019\/04\/61-IMG_7457HKJGKGdanilo2.jpg 542w, https:\/\/acasadarocha.com.br\/wp-content\/uploads\/2019\/04\/61-IMG_7457HKJGKGdanilo2-11x12.jpg 11w\" sizes=\"(max-width: 542px) 100vw, 542px\" \/><\/div><!-- .team-thumb --><div class=\"team-name\"><h3><span class=\"client-name\">Danilo Navarro<\/span><\/h3><\/div><!-- .team-name --><div class=\"team-designation\">Pastor<\/div><!-- .team-designation --><\/div><!-- .team-inner --><\/div><!-- .item --><\/div><!-- .owl-carousel --><\/div><!-- .team-wrapper -->\t\t\t\t<\/div>\n\t\t\t\t<\/div>\n\t\t\t\t\t<\/div>\n\t\t<\/div>\n\t\t\t\t\t<\/div>\n\t\t<\/section>\n\t\t\t\t<\/div>","protected":false},"excerpt":{"rendered":"<p>SOBRE N\u00d3S Somos Casa Celebra\u00e7\u00f5es aos Domingos 09h | 11h | 18h30 Todas as S\u00e9ries<\/p>","protected":false},"author":1,"featured_media":0,"parent":0,"menu_order":0,"comment_status":"closed","ping_status":"closed","template":"","meta":{"_uag_custom_page_level_css":"","_monsterinsights_skip_tracking":false,"_monsterinsights_sitenote_active":false,"_monsterinsights_sitenote_note":"","_monsterinsights_sitenote_category":0,"footnotes":""},"class_list":["post-5544","page","type-page","status-publish","hentry"],"aioseo_notices":[],"_hostinger_reach_plugin_has_subscription_block":false,"_hostinger_reach_plugin_is_elementor":false,"uagb_featured_image_src":{"full":false,"thumbnail":false,"medium":false,"medium_large":false,"large":false,"1536x1536":false,"2048x2048":false,"trp-custom-language-flag":false,"woocommerce_thumbnail":false,"woocommerce_single":false,"woocommerce_gallery_thumbnail":false},"uagb_author_info":{"display_name":"adm@acasadarocha.com.br","author_link":"https:\/\/acasadarocha.com.br\/en\/author\/admacasadarocha-com-br\/"},"uagb_comment_info":0,"uagb_excerpt":"SOBRE N\u00d3S Somos Casa Celebra\u00e7\u00f5es aos Domingos 09h | 11h | 18h30 Todas as S\u00e9ries","_links":{"self":[{"href":"https:\/\/acasadarocha.com.br\/en\/wp-json\/wp\/v2\/pages\/5544","targetHints":{"allow":["GET"]}}],"collection":[{"href":"https:\/\/acasadarocha.com.br\/en\/wp-json\/wp\/v2\/pages"}],"about":[{"href":"https:\/\/acasadarocha.com.br\/en\/wp-json\/wp\/v2\/types\/page"}],"author":[{"embeddable":true,"href":"https:\/\/acasadarocha.com.br\/en\/wp-json\/wp\/v2\/users\/1"}],"replies":[{"embeddable":true,"href":"https:\/\/acasadarocha.com.br\/en\/wp-json\/wp\/v2\/comments?post=5544"}],"version-history":[{"count":58,"href":"https:\/\/acasadarocha.com.br\/en\/wp-json\/wp\/v2\/pages\/5544\/revisions"}],"predecessor-version":[{"id":21204,"href":"https:\/\/acasadarocha.com.br\/en\/wp-json\/wp\/v2\/pages\/5544\/revisions\/21204"}],"wp:attachment":[{"href":"https:\/\/acasadarocha.com.br\/en\/wp-json\/wp\/v2\/media?parent=5544"}],"curies":[{"name":"wp","href":"https:\/\/api.w.org\/{rel}","templated":true}]}}