{"id":21558,"date":"2026-01-07T15:38:31","date_gmt":"2026-01-07T15:38:31","guid":{"rendered":"https:\/\/acasadarocha.com.br\/?page_id=21558"},"modified":"2026-01-07T21:53:12","modified_gmt":"2026-01-07T21:53:12","slug":"meu-caro-amigo","status":"publish","type":"page","link":"https:\/\/acasadarocha.com.br\/en\/meu-caro-amigo\/","title":{"rendered":"Meu Caro Amigo"},"content":{"rendered":"<div data-elementor-type=\"wp-page\" data-elementor-id=\"21558\" class=\"elementor elementor-21558\" data-elementor-post-type=\"page\">\n\t\t\t\t<div class=\"elementor-element elementor-element-7d29df1 e-flex e-con-boxed e-con e-parent\" data-id=\"7d29df1\" data-element_type=\"container\" data-e-type=\"container\">\n\t\t\t\t\t<div class=\"e-con-inner\">\n\t\t\t\t<div class=\"elementor-element elementor-element-f136248 elementor-widget elementor-widget-image\" data-id=\"f136248\" data-element_type=\"widget\" data-e-type=\"widget\" data-widget_type=\"image.default\">\n\t\t\t\t\t\t\t\t\t\t\t\t\t\t\t<img fetchpriority=\"high\" decoding=\"async\" width=\"1170\" height=\"658\" src=\"https:\/\/acasadarocha.com.br\/wp-content\/uploads\/2026\/01\/capa-com-foto-1080-22-4.png\" class=\"attachment-large size-large wp-image-21679\" alt=\"\" \/>\t\t\t\t\t\t\t\t\t\t\t\t\t\t\t<\/div>\n\t\t\t\t\t<\/div>\n\t\t\t\t<\/div>\n\t\t<div class=\"elementor-element elementor-element-e158781 e-flex e-con-boxed e-con e-parent\" data-id=\"e158781\" data-element_type=\"container\" data-e-type=\"container\">\n\t\t\t\t\t<div class=\"e-con-inner\">\n\t\t\t\t<div class=\"elementor-element elementor-element-ef7caba elementor-widget elementor-widget-heading\" data-id=\"ef7caba\" data-element_type=\"widget\" data-e-type=\"widget\" data-widget_type=\"heading.default\">\n\t\t\t\t\t<h2 class=\"elementor-heading-title elementor-size-default\">\u00daltimos Epis\u00f3dios<\/h2>\t\t\t\t<\/div>\n\t\t\t\t\t<\/div>\n\t\t\t\t<\/div>\n\t\t<div class=\"elementor-element elementor-element-b2a40eb e-flex e-con-boxed e-con e-parent\" data-id=\"b2a40eb\" data-element_type=\"container\" data-e-type=\"container\">\n\t\t\t\t\t<div class=\"e-con-inner\">\n\t\t<div class=\"elementor-element elementor-element-06f9bdc e-con-full e-flex e-con e-child\" data-id=\"06f9bdc\" data-element_type=\"container\" data-e-type=\"container\">\n\t\t\t\t<div class=\"elementor-element elementor-element-0b6c92b elementor-widget elementor-widget-image\" data-id=\"0b6c92b\" data-element_type=\"widget\" data-e-type=\"widget\" data-widget_type=\"image.default\">\n\t\t\t\t\t\t\t\t\t\t\t\t\t\t\t<img decoding=\"async\" width=\"1170\" height=\"694\" src=\"https:\/\/acasadarocha.com.br\/wp-content\/uploads\/2026\/01\/81-Thumb-Youtube-1170x694.jpg\" class=\"attachment-large size-large wp-image-21681\" alt=\"\" srcset=\"https:\/\/acasadarocha.com.br\/wp-content\/uploads\/2026\/01\/81-Thumb-Youtube-1170x694.jpg 1170w, https:\/\/acasadarocha.com.br\/wp-content\/uploads\/2026\/01\/81-Thumb-Youtube-768x456.jpg 768w, https:\/\/acasadarocha.com.br\/wp-content\/uploads\/2026\/01\/81-Thumb-Youtube-18x10.jpg 18w\" sizes=\"(max-width: 1170px) 100vw, 1170px\" \/>\t\t\t\t\t\t\t\t\t\t\t\t\t\t\t<\/div>\n\t\t\t\t<div class=\"elementor-element elementor-element-2f9da9e elementor-widget elementor-widget-text-editor\" data-id=\"2f9da9e\" data-element_type=\"widget\" data-e-type=\"widget\" data-widget_type=\"text-editor.default\">\n\t\t\t\t\t\t\t\t\t<p><strong>#80 &#8211; Somente Jesus, somente o Reino &#8211; Z\u00e9 Bruno<\/strong><\/p>\t\t\t\t\t\t\t\t<\/div>\n\t\t\t\t<div class=\"elementor-element elementor-element-8d46a6c elementor-widget elementor-widget-button\" data-id=\"8d46a6c\" data-element_type=\"widget\" data-e-type=\"widget\" data-widget_type=\"button.default\">\n\t\t\t\t\t\t\t\t\t\t<a class=\"elementor-button elementor-button-link elementor-size-sm\" href=\"https:\/\/www.youtube.com\/watch?v=xcRtsJSvJBw\">\n\t\t\t\t\t\t<span class=\"elementor-button-content-wrapper\">\n\t\t\t\t\t\t\t\t\t<span class=\"elementor-button-text\">Assista Agora<\/span>\n\t\t\t\t\t<\/span>\n\t\t\t\t\t<\/a>\n\t\t\t\t\t\t\t\t<\/div>\n\t\t\t\t<\/div>\n\t\t<div class=\"elementor-element elementor-element-ad11e36 e-con-full e-flex e-con e-child\" data-id=\"ad11e36\" data-element_type=\"container\" data-e-type=\"container\">\n\t\t\t\t<div class=\"elementor-element elementor-element-b06ecfc elementor-widget elementor-widget-image\" data-id=\"b06ecfc\" data-element_type=\"widget\" data-e-type=\"widget\" data-widget_type=\"image.default\">\n\t\t\t\t\t\t\t\t\t\t\t\t\t\t\t<img decoding=\"async\" width=\"1170\" height=\"694\" src=\"https:\/\/acasadarocha.com.br\/wp-content\/uploads\/2026\/01\/79-Thumb-Youtube-1170x694.jpg\" class=\"attachment-large size-large wp-image-21683\" alt=\"\" srcset=\"https:\/\/acasadarocha.com.br\/wp-content\/uploads\/2026\/01\/79-Thumb-Youtube-1170x694.jpg 1170w, https:\/\/acasadarocha.com.br\/wp-content\/uploads\/2026\/01\/79-Thumb-Youtube-768x456.jpg 768w, https:\/\/acasadarocha.com.br\/wp-content\/uploads\/2026\/01\/79-Thumb-Youtube-18x10.jpg 18w\" sizes=\"(max-width: 1170px) 100vw, 1170px\" \/>\t\t\t\t\t\t\t\t\t\t\t\t\t\t\t<\/div>\n\t\t\t\t<div class=\"elementor-element elementor-element-2849e40 elementor-widget elementor-widget-text-editor\" data-id=\"2849e40\" data-element_type=\"widget\" data-e-type=\"widget\" data-widget_type=\"text-editor.default\">\n\t\t\t\t\t\t\t\t\t<p><strong>#79 &#8211; Os disc\u00edpulos a caminho de Ema\u00fas &#8211; Z\u00e9 Bruno<\/strong><\/p>\t\t\t\t\t\t\t\t<\/div>\n\t\t\t\t<div class=\"elementor-element elementor-element-473e77d elementor-widget elementor-widget-button\" data-id=\"473e77d\" data-element_type=\"widget\" data-e-type=\"widget\" data-widget_type=\"button.default\">\n\t\t\t\t\t\t\t\t\t\t<a class=\"elementor-button elementor-button-link elementor-size-sm\" href=\"https:\/\/www.youtube.com\/watch?v=3uWCMz0toSs\">\n\t\t\t\t\t\t<span class=\"elementor-button-content-wrapper\">\n\t\t\t\t\t\t\t\t\t<span class=\"elementor-button-text\">Assista Agora<\/span>\n\t\t\t\t\t<\/span>\n\t\t\t\t\t<\/a>\n\t\t\t\t\t\t\t\t<\/div>\n\t\t\t\t<\/div>\n\t\t<div class=\"elementor-element elementor-element-3e9ab1d e-con-full e-flex e-con e-child\" data-id=\"3e9ab1d\" data-element_type=\"container\" data-e-type=\"container\">\n\t\t\t\t<div class=\"elementor-element elementor-element-9fec7b3 elementor-widget elementor-widget-image\" data-id=\"9fec7b3\" data-element_type=\"widget\" data-e-type=\"widget\" data-widget_type=\"image.default\">\n\t\t\t\t\t\t\t\t\t\t\t\t\t\t\t<img loading=\"lazy\" decoding=\"async\" width=\"1170\" height=\"694\" src=\"https:\/\/acasadarocha.com.br\/wp-content\/uploads\/2026\/01\/78-Thumb-Youtube-1-1170x694.jpg\" class=\"attachment-large size-large wp-image-21682\" alt=\"\" srcset=\"https:\/\/acasadarocha.com.br\/wp-content\/uploads\/2026\/01\/78-Thumb-Youtube-1-1170x694.jpg 1170w, https:\/\/acasadarocha.com.br\/wp-content\/uploads\/2026\/01\/78-Thumb-Youtube-1-768x456.jpg 768w, https:\/\/acasadarocha.com.br\/wp-content\/uploads\/2026\/01\/78-Thumb-Youtube-1-18x10.jpg 18w\" sizes=\"(max-width: 1170px) 100vw, 1170px\" \/>\t\t\t\t\t\t\t\t\t\t\t\t\t\t\t<\/div>\n\t\t\t\t<div class=\"elementor-element elementor-element-6140230 elementor-widget elementor-widget-text-editor\" data-id=\"6140230\" data-element_type=\"widget\" data-e-type=\"widget\" data-widget_type=\"text-editor.default\">\n\t\t\t\t\t\t\t\t\t<p><strong>#78 &#8211; O reino esperado por Jos\u00e9 de Arimat\u00e9ia &#8211; Z\u00e9 Bruno<\/strong><\/p>\t\t\t\t\t\t\t\t<\/div>\n\t\t\t\t<div class=\"elementor-element elementor-element-4391b8e elementor-widget elementor-widget-button\" data-id=\"4391b8e\" data-element_type=\"widget\" data-e-type=\"widget\" data-widget_type=\"button.default\">\n\t\t\t\t\t\t\t\t\t\t<a class=\"elementor-button elementor-button-link elementor-size-sm\" href=\"https:\/\/www.youtube.com\/watch?v=PN7N06sQBe8\">\n\t\t\t\t\t\t<span class=\"elementor-button-content-wrapper\">\n\t\t\t\t\t\t\t\t\t<span class=\"elementor-button-text\">Assista Agora<\/span>\n\t\t\t\t\t<\/span>\n\t\t\t\t\t<\/a>\n\t\t\t\t\t\t\t\t<\/div>\n\t\t\t\t<\/div>\n\t\t\t\t\t<\/div>\n\t\t\t\t<\/div>\n\t\t<div class=\"elementor-element elementor-element-1023b74 e-flex e-con-boxed e-con e-parent\" data-id=\"1023b74\" data-element_type=\"container\" data-e-type=\"container\">\n\t\t\t\t\t<div class=\"e-con-inner\">\n\t\t\t\t<div class=\"elementor-element elementor-element-931463f elementor-widget elementor-widget-heading\" data-id=\"931463f\" data-element_type=\"widget\" data-e-type=\"widget\" data-widget_type=\"heading.default\">\n\t\t\t\t\t<h2 class=\"elementor-heading-title elementor-size-default\">Todos os Epis\u00f3dios<\/h2>\t\t\t\t<\/div>\n\t\t\t\t\t<\/div>\n\t\t\t\t<\/div>\n\t\t<div class=\"elementor-element elementor-element-c5611aa e-flex e-con-boxed e-con e-parent\" data-id=\"c5611aa\" data-element_type=\"container\" data-e-type=\"container\">\n\t\t\t\t\t<div class=\"e-con-inner\">\n\t\t\t\t<div class=\"elementor-element elementor-element-b785b9a elementor-widget elementor-widget-button\" data-id=\"b785b9a\" data-element_type=\"widget\" data-e-type=\"widget\" data-widget_type=\"button.default\">\n\t\t\t\t\t\t\t\t\t\t<a class=\"elementor-button elementor-button-link elementor-size-sm\" href=\"https:\/\/www.youtube.com\/watch?v=BgTHamzVKGk&#038;list=PLln4KGoeU_UlYAKpYT6dSHyl8oNMkDcO9\">\n\t\t\t\t\t\t<span class=\"elementor-button-content-wrapper\">\n\t\t\t\t\t\t\t\t\t<span class=\"elementor-button-text\">Clique aqui<\/span>\n\t\t\t\t\t<\/span>\n\t\t\t\t\t<\/a>\n\t\t\t\t\t\t\t\t<\/div>\n\t\t\t\t\t<\/div>\n\t\t\t\t<\/div>\n\t\t\t\t<\/div>","protected":false},"excerpt":{"rendered":"<p>\u00daltimos Epis\u00f3dios #80 &#8211; Somente Jesus, somente o Reino &#8211; Z\u00e9 Bruno Assista Agora #79 &#8211; Os disc\u00edpulos a caminho de Ema\u00fas &#8211; Z\u00e9 Bruno Assista Agora #78 &#8211; O reino esperado por Jos\u00e9 de Arimat\u00e9ia &#8211; Z\u00e9 Bruno Assista Agora Todos os Epis\u00f3dios Clique aqui<\/p>","protected":false},"author":1,"featured_media":0,"parent":0,"menu_order":0,"comment_status":"closed","ping_status":"closed","template":"","meta":{"_uag_custom_page_level_css":"","_monsterinsights_skip_tracking":false,"_monsterinsights_sitenote_active":false,"_monsterinsights_sitenote_note":"","_monsterinsights_sitenote_category":0,"footnotes":""},"class_list":["post-21558","page","type-page","status-publish","hentry"],"aioseo_notices":[],"_hostinger_reach_plugin_has_subscription_block":false,"_hostinger_reach_plugin_is_elementor":false,"uagb_featured_image_src":{"full":false,"thumbnail":false,"medium":false,"medium_large":false,"large":false,"1536x1536":false,"2048x2048":false,"trp-custom-language-flag":false,"woocommerce_thumbnail":false,"woocommerce_single":false,"woocommerce_gallery_thumbnail":false},"uagb_author_info":{"display_name":"adm@acasadarocha.com.br","author_link":"https:\/\/acasadarocha.com.br\/en\/author\/admacasadarocha-com-br\/"},"uagb_comment_info":0,"uagb_excerpt":"\u00daltimos Epis\u00f3dios #80 &#8211; Somente Jesus, somente o Reino &#8211; Z\u00e9 Bruno Assista Agora #79 &#8211; Os disc\u00edpulos a caminho de Ema\u00fas &#8211; Z\u00e9 Bruno Assista Agora #78 &#8211; O reino esperado por Jos\u00e9 de Arimat\u00e9ia &#8211; Z\u00e9 Bruno Assista Agora Todos os Epis\u00f3dios Clique aqui","_links":{"self":[{"href":"https:\/\/acasadarocha.com.br\/en\/wp-json\/wp\/v2\/pages\/21558","targetHints":{"allow":["GET"]}}],"collection":[{"href":"https:\/\/acasadarocha.com.br\/en\/wp-json\/wp\/v2\/pages"}],"about":[{"href":"https:\/\/acasadarocha.com.br\/en\/wp-json\/wp\/v2\/types\/page"}],"author":[{"embeddable":true,"href":"https:\/\/acasadarocha.com.br\/en\/wp-json\/wp\/v2\/users\/1"}],"replies":[{"embeddable":true,"href":"https:\/\/acasadarocha.com.br\/en\/wp-json\/wp\/v2\/comments?post=21558"}],"version-history":[{"count":25,"href":"https:\/\/acasadarocha.com.br\/en\/wp-json\/wp\/v2\/pages\/21558\/revisions"}],"predecessor-version":[{"id":21704,"href":"https:\/\/acasadarocha.com.br\/en\/wp-json\/wp\/v2\/pages\/21558\/revisions\/21704"}],"wp:attachment":[{"href":"https:\/\/acasadarocha.com.br\/en\/wp-json\/wp\/v2\/media?parent=21558"}],"curies":[{"name":"wp","href":"https:\/\/api.w.org\/{rel}","templated":true}]}}