{"id":21552,"date":"2026-01-07T15:35:41","date_gmt":"2026-01-07T15:35:41","guid":{"rendered":"https:\/\/acasadarocha.com.br\/?page_id=21552"},"modified":"2026-01-07T21:17:17","modified_gmt":"2026-01-07T21:17:17","slug":"o-povo-da-cruz","status":"publish","type":"page","link":"https:\/\/acasadarocha.com.br\/en\/o-povo-da-cruz\/","title":{"rendered":"O Povo da Cruz"},"content":{"rendered":"<div data-elementor-type=\"wp-page\" data-elementor-id=\"21552\" class=\"elementor elementor-21552\" data-elementor-post-type=\"page\">\n\t\t\t\t<div class=\"elementor-element elementor-element-550b78d e-flex e-con-boxed e-con e-parent\" data-id=\"550b78d\" data-element_type=\"container\" data-e-type=\"container\">\n\t\t\t\t\t<div class=\"e-con-inner\">\n\t\t\t\t<div class=\"elementor-element elementor-element-6c3e75a elementor-widget elementor-widget-image\" data-id=\"6c3e75a\" data-element_type=\"widget\" data-e-type=\"widget\" data-widget_type=\"image.default\">\n\t\t\t\t\t\t\t\t\t\t\t\t\t\t\t<img fetchpriority=\"high\" decoding=\"async\" width=\"1170\" height=\"694\" src=\"https:\/\/acasadarocha.com.br\/wp-content\/uploads\/2026\/01\/Telao-Vinheta2-1170x694.jpg\" class=\"attachment-large size-large wp-image-21653\" alt=\"\" srcset=\"https:\/\/acasadarocha.com.br\/wp-content\/uploads\/2026\/01\/Telao-Vinheta2-1170x694.jpg 1170w, https:\/\/acasadarocha.com.br\/wp-content\/uploads\/2026\/01\/Telao-Vinheta2-768x456.jpg 768w, https:\/\/acasadarocha.com.br\/wp-content\/uploads\/2026\/01\/Telao-Vinheta2-18x10.jpg 18w\" sizes=\"(max-width: 1170px) 100vw, 1170px\" \/>\t\t\t\t\t\t\t\t\t\t\t\t\t\t\t<\/div>\n\t\t\t\t\t<\/div>\n\t\t\t\t<\/div>\n\t\t<div class=\"elementor-element elementor-element-40e9109 e-flex e-con-boxed e-con e-parent\" data-id=\"40e9109\" data-element_type=\"container\" data-e-type=\"container\">\n\t\t\t\t\t<div class=\"e-con-inner\">\n\t\t\t\t<div class=\"elementor-element elementor-element-c84d5e6 elementor-widget elementor-widget-heading\" data-id=\"c84d5e6\" data-element_type=\"widget\" data-e-type=\"widget\" data-widget_type=\"heading.default\">\n\t\t\t\t\t<h2 class=\"elementor-heading-title elementor-size-default\">\u00daltimos Epis\u00f3dios<\/h2>\t\t\t\t<\/div>\n\t\t\t\t\t<\/div>\n\t\t\t\t<\/div>\n\t\t<div class=\"elementor-element elementor-element-511197d e-flex e-con-boxed e-con e-parent\" data-id=\"511197d\" data-element_type=\"container\" data-e-type=\"container\">\n\t\t\t\t\t<div class=\"e-con-inner\">\n\t\t<div class=\"elementor-element elementor-element-7c051fc e-con-full e-flex e-con e-child\" data-id=\"7c051fc\" data-element_type=\"container\" data-e-type=\"container\">\n\t\t\t\t<div class=\"elementor-element elementor-element-5389e8e elementor-widget elementor-widget-image\" data-id=\"5389e8e\" data-element_type=\"widget\" data-e-type=\"widget\" data-widget_type=\"image.default\">\n\t\t\t\t\t\t\t\t\t\t\t\t\t\t\t<img decoding=\"async\" width=\"1170\" height=\"658\" src=\"https:\/\/acasadarocha.com.br\/wp-content\/uploads\/2026\/01\/17-Thumb-Youtube.png\" class=\"attachment-large size-large wp-image-21658\" alt=\"\" \/>\t\t\t\t\t\t\t\t\t\t\t\t\t\t\t<\/div>\n\t\t\t\t<div class=\"elementor-element elementor-element-cc26682 elementor-widget elementor-widget-text-editor\" data-id=\"cc26682\" data-element_type=\"widget\" data-e-type=\"widget\" data-widget_type=\"text-editor.default\">\n\t\t\t\t\t\t\t\t\t<p><strong>#17 &#8211; Diante da Grandeza de Deus &#8211; Z\u00e9 Bruno<\/strong><\/p>\t\t\t\t\t\t\t\t<\/div>\n\t\t\t\t<div class=\"elementor-element elementor-element-c4f93eb elementor-widget elementor-widget-button\" data-id=\"c4f93eb\" data-element_type=\"widget\" data-e-type=\"widget\" data-widget_type=\"button.default\">\n\t\t\t\t\t\t\t\t\t\t<a class=\"elementor-button elementor-button-link elementor-size-sm\" href=\"https:\/\/www.youtube.com\/watch?v=VsSMa4St4gU\">\n\t\t\t\t\t\t<span class=\"elementor-button-content-wrapper\">\n\t\t\t\t\t\t\t\t\t<span class=\"elementor-button-text\">Assista Agora<\/span>\n\t\t\t\t\t<\/span>\n\t\t\t\t\t<\/a>\n\t\t\t\t\t\t\t\t<\/div>\n\t\t\t\t<\/div>\n\t\t<div class=\"elementor-element elementor-element-359f343 e-con-full e-flex e-con e-child\" data-id=\"359f343\" data-element_type=\"container\" data-e-type=\"container\">\n\t\t\t\t<div class=\"elementor-element elementor-element-dd0845e elementor-widget elementor-widget-image\" data-id=\"dd0845e\" data-element_type=\"widget\" data-e-type=\"widget\" data-widget_type=\"image.default\">\n\t\t\t\t\t\t\t\t\t\t\t\t\t\t\t<img decoding=\"async\" width=\"1170\" height=\"658\" src=\"https:\/\/acasadarocha.com.br\/wp-content\/uploads\/2026\/01\/16-Thumb-Youtube-1.png\" class=\"attachment-large size-large wp-image-21657\" alt=\"\" \/>\t\t\t\t\t\t\t\t\t\t\t\t\t\t\t<\/div>\n\t\t\t\t<div class=\"elementor-element elementor-element-f6549cf elementor-widget elementor-widget-text-editor\" data-id=\"f6549cf\" data-element_type=\"widget\" data-e-type=\"widget\" data-widget_type=\"text-editor.default\">\n\t\t\t\t\t\t\t\t\t<p><strong>#16 &#8211; A Ressurrei\u00e7\u00e3o e a Vida &#8211; Z\u00e9 Bruno<\/strong><\/p>\t\t\t\t\t\t\t\t<\/div>\n\t\t\t\t<div class=\"elementor-element elementor-element-3ce19d9 elementor-widget elementor-widget-button\" data-id=\"3ce19d9\" data-element_type=\"widget\" data-e-type=\"widget\" data-widget_type=\"button.default\">\n\t\t\t\t\t\t\t\t\t\t<a class=\"elementor-button elementor-button-link elementor-size-sm\" href=\"https:\/\/www.youtube.com\/watch?v=gl9GIeOKmTU\">\n\t\t\t\t\t\t<span class=\"elementor-button-content-wrapper\">\n\t\t\t\t\t\t\t\t\t<span class=\"elementor-button-text\">Assista Agora<\/span>\n\t\t\t\t\t<\/span>\n\t\t\t\t\t<\/a>\n\t\t\t\t\t\t\t\t<\/div>\n\t\t\t\t<\/div>\n\t\t<div class=\"elementor-element elementor-element-df897bc e-con-full e-flex e-con e-child\" data-id=\"df897bc\" data-element_type=\"container\" data-e-type=\"container\">\n\t\t\t\t<div class=\"elementor-element elementor-element-86a23a0 elementor-widget elementor-widget-image\" data-id=\"86a23a0\" data-element_type=\"widget\" data-e-type=\"widget\" data-widget_type=\"image.default\">\n\t\t\t\t\t\t\t\t\t\t\t\t\t\t\t<img loading=\"lazy\" decoding=\"async\" width=\"1170\" height=\"658\" src=\"https:\/\/acasadarocha.com.br\/wp-content\/uploads\/2026\/01\/15-Thumb-Youtube.png\" class=\"attachment-large size-large wp-image-21654\" alt=\"\" \/>\t\t\t\t\t\t\t\t\t\t\t\t\t\t\t<\/div>\n\t\t\t\t<div class=\"elementor-element elementor-element-e31d5f4 elementor-widget elementor-widget-text-editor\" data-id=\"e31d5f4\" data-element_type=\"widget\" data-e-type=\"widget\" data-widget_type=\"text-editor.default\">\n\t\t\t\t\t\t\t\t\t<p><strong>#15 &#8211; A Transfigura\u00e7\u00e3o de Cristo &#8211; Z\u00e9 Bruno<\/strong><\/p>\t\t\t\t\t\t\t\t<\/div>\n\t\t\t\t<div class=\"elementor-element elementor-element-4424a9c elementor-widget elementor-widget-button\" data-id=\"4424a9c\" data-element_type=\"widget\" data-e-type=\"widget\" data-widget_type=\"button.default\">\n\t\t\t\t\t\t\t\t\t\t<a class=\"elementor-button elementor-button-link elementor-size-sm\" href=\"https:\/\/www.youtube.com\/watch?v=c1DY1yLwmsU\">\n\t\t\t\t\t\t<span class=\"elementor-button-content-wrapper\">\n\t\t\t\t\t\t\t\t\t<span class=\"elementor-button-text\">Assista Agora<\/span>\n\t\t\t\t\t<\/span>\n\t\t\t\t\t<\/a>\n\t\t\t\t\t\t\t\t<\/div>\n\t\t\t\t<\/div>\n\t\t\t\t\t<\/div>\n\t\t\t\t<\/div>\n\t\t<div class=\"elementor-element elementor-element-674cca6 e-flex e-con-boxed e-con e-parent\" data-id=\"674cca6\" data-element_type=\"container\" data-e-type=\"container\">\n\t\t\t\t\t<div class=\"e-con-inner\">\n\t\t\t\t<div class=\"elementor-element elementor-element-47dfab1 elementor-widget elementor-widget-heading\" data-id=\"47dfab1\" data-element_type=\"widget\" data-e-type=\"widget\" data-widget_type=\"heading.default\">\n\t\t\t\t\t<h2 class=\"elementor-heading-title elementor-size-default\">Todos os Epis\u00f3dios<\/h2>\t\t\t\t<\/div>\n\t\t\t\t\t<\/div>\n\t\t\t\t<\/div>\n\t\t<div class=\"elementor-element elementor-element-013ff2e e-flex e-con-boxed e-con e-parent\" data-id=\"013ff2e\" data-element_type=\"container\" data-e-type=\"container\">\n\t\t\t\t\t<div class=\"e-con-inner\">\n\t\t\t\t<div class=\"elementor-element elementor-element-867e3ac elementor-widget elementor-widget-button\" data-id=\"867e3ac\" data-element_type=\"widget\" data-e-type=\"widget\" data-widget_type=\"button.default\">\n\t\t\t\t\t\t\t\t\t\t<a class=\"elementor-button elementor-button-link elementor-size-sm\" href=\"https:\/\/www.youtube.com\/watch?v=f0T48bEqVNk&#038;list=PLln4KGoeU_Ukj4vL8vn4OID6dad_PuFLU#\">\n\t\t\t\t\t\t<span class=\"elementor-button-content-wrapper\">\n\t\t\t\t\t\t\t\t\t<span class=\"elementor-button-text\">Clique aqui<\/span>\n\t\t\t\t\t<\/span>\n\t\t\t\t\t<\/a>\n\t\t\t\t\t\t\t\t<\/div>\n\t\t\t\t\t<\/div>\n\t\t\t\t<\/div>\n\t\t\t\t<\/div>","protected":false},"excerpt":{"rendered":"<p>\u00daltimos Epis\u00f3dios #17 &#8211; Diante da Grandeza de Deus &#8211; Z\u00e9 Bruno Assista Agora #16 &#8211; A Ressurrei\u00e7\u00e3o e a Vida &#8211; Z\u00e9 Bruno Assista Agora #15 &#8211; A Transfigura\u00e7\u00e3o de Cristo &#8211; Z\u00e9 Bruno Assista Agora Todos os Epis\u00f3dios Clique aqui<\/p>","protected":false},"author":1,"featured_media":0,"parent":0,"menu_order":0,"comment_status":"closed","ping_status":"closed","template":"","meta":{"_uag_custom_page_level_css":"","_monsterinsights_skip_tracking":false,"_monsterinsights_sitenote_active":false,"_monsterinsights_sitenote_note":"","_monsterinsights_sitenote_category":0,"footnotes":""},"class_list":["post-21552","page","type-page","status-publish","hentry"],"aioseo_notices":[],"_hostinger_reach_plugin_has_subscription_block":false,"_hostinger_reach_plugin_is_elementor":false,"uagb_featured_image_src":{"full":false,"thumbnail":false,"medium":false,"medium_large":false,"large":false,"1536x1536":false,"2048x2048":false,"trp-custom-language-flag":false,"woocommerce_thumbnail":false,"woocommerce_single":false,"woocommerce_gallery_thumbnail":false},"uagb_author_info":{"display_name":"adm@acasadarocha.com.br","author_link":"https:\/\/acasadarocha.com.br\/en\/author\/admacasadarocha-com-br\/"},"uagb_comment_info":0,"uagb_excerpt":"\u00daltimos Epis\u00f3dios #17 &#8211; Diante da Grandeza de Deus &#8211; Z\u00e9 Bruno Assista Agora #16 &#8211; A Ressurrei\u00e7\u00e3o e a Vida &#8211; Z\u00e9 Bruno Assista Agora #15 &#8211; A Transfigura\u00e7\u00e3o de Cristo &#8211; Z\u00e9 Bruno Assista Agora Todos os Epis\u00f3dios Clique aqui","_links":{"self":[{"href":"https:\/\/acasadarocha.com.br\/en\/wp-json\/wp\/v2\/pages\/21552","targetHints":{"allow":["GET"]}}],"collection":[{"href":"https:\/\/acasadarocha.com.br\/en\/wp-json\/wp\/v2\/pages"}],"about":[{"href":"https:\/\/acasadarocha.com.br\/en\/wp-json\/wp\/v2\/types\/page"}],"author":[{"embeddable":true,"href":"https:\/\/acasadarocha.com.br\/en\/wp-json\/wp\/v2\/users\/1"}],"replies":[{"embeddable":true,"href":"https:\/\/acasadarocha.com.br\/en\/wp-json\/wp\/v2\/comments?post=21552"}],"version-history":[{"count":19,"href":"https:\/\/acasadarocha.com.br\/en\/wp-json\/wp\/v2\/pages\/21552\/revisions"}],"predecessor-version":[{"id":21673,"href":"https:\/\/acasadarocha.com.br\/en\/wp-json\/wp\/v2\/pages\/21552\/revisions\/21673"}],"wp:attachment":[{"href":"https:\/\/acasadarocha.com.br\/en\/wp-json\/wp\/v2\/media?parent=21552"}],"curies":[{"name":"wp","href":"https:\/\/api.w.org\/{rel}","templated":true}]}}