{"id":21545,"date":"2026-01-07T15:33:35","date_gmt":"2026-01-07T15:33:35","guid":{"rendered":"https:\/\/acasadarocha.com.br\/?page_id=21545"},"modified":"2026-01-07T19:36:31","modified_gmt":"2026-01-07T19:36:31","slug":"meu-caro-amigo-2","status":"publish","type":"page","link":"https:\/\/acasadarocha.com.br\/en\/meu-caro-amigo-2\/","title":{"rendered":"Meu Caro Amigo 2"},"content":{"rendered":"<div data-elementor-type=\"wp-page\" data-elementor-id=\"21545\" class=\"elementor elementor-21545\" data-elementor-post-type=\"page\">\n\t\t\t\t<div class=\"elementor-element elementor-element-89b6ea0 e-flex e-con-boxed e-con e-parent\" data-id=\"89b6ea0\" data-element_type=\"container\" data-e-type=\"container\">\n\t\t\t\t\t<div class=\"e-con-inner\">\n\t\t\t\t<div class=\"elementor-element elementor-element-a76588f elementor-widget elementor-widget-image\" data-id=\"a76588f\" data-element_type=\"widget\" data-e-type=\"widget\" data-widget_type=\"image.default\">\n\t\t\t\t\t\t\t\t\t\t\t\t\t\t\t<img fetchpriority=\"high\" decoding=\"async\" width=\"1170\" height=\"694\" src=\"https:\/\/acasadarocha.com.br\/wp-content\/uploads\/2026\/01\/thumb-meu-caro-amigo-2-1170x694.jpg\" class=\"attachment-large size-large wp-image-21628\" alt=\"\" srcset=\"https:\/\/acasadarocha.com.br\/wp-content\/uploads\/2026\/01\/thumb-meu-caro-amigo-2-1170x694.jpg 1170w, https:\/\/acasadarocha.com.br\/wp-content\/uploads\/2026\/01\/thumb-meu-caro-amigo-2-768x456.jpg 768w, https:\/\/acasadarocha.com.br\/wp-content\/uploads\/2026\/01\/thumb-meu-caro-amigo-2-18x10.jpg 18w\" sizes=\"(max-width: 1170px) 100vw, 1170px\" \/>\t\t\t\t\t\t\t\t\t\t\t\t\t\t\t<\/div>\n\t\t\t\t\t<\/div>\n\t\t\t\t<\/div>\n\t\t<div class=\"elementor-element elementor-element-05c7834 e-flex e-con-boxed e-con e-parent\" data-id=\"05c7834\" data-element_type=\"container\" data-e-type=\"container\">\n\t\t\t\t\t<div class=\"e-con-inner\">\n\t\t\t\t<div class=\"elementor-element elementor-element-8a3d9f3 elementor-widget elementor-widget-heading\" data-id=\"8a3d9f3\" data-element_type=\"widget\" data-e-type=\"widget\" data-widget_type=\"heading.default\">\n\t\t\t\t\t<h2 class=\"elementor-heading-title elementor-size-default\">\u00daltimos Epis\u00f3dios<\/h2>\t\t\t\t<\/div>\n\t\t\t\t\t<\/div>\n\t\t\t\t<\/div>\n\t\t<div class=\"elementor-element elementor-element-54a0894 e-flex e-con-boxed e-con e-parent\" data-id=\"54a0894\" data-element_type=\"container\" data-e-type=\"container\">\n\t\t\t\t\t<div class=\"e-con-inner\">\n\t\t<div class=\"elementor-element elementor-element-6b88f42 e-con-full e-flex e-con e-child\" data-id=\"6b88f42\" data-element_type=\"container\" data-e-type=\"container\">\n\t\t\t\t<div class=\"elementor-element elementor-element-c10b551 elementor-widget elementor-widget-image\" data-id=\"c10b551\" data-element_type=\"widget\" data-e-type=\"widget\" data-widget_type=\"image.default\">\n\t\t\t\t\t\t\t\t\t\t\t\t\t\t\t<img decoding=\"async\" width=\"1170\" height=\"694\" src=\"https:\/\/acasadarocha.com.br\/wp-content\/uploads\/2026\/01\/72-Thumb-Youtube-1170x694.jpg\" class=\"attachment-large size-large wp-image-21630\" alt=\"\" srcset=\"https:\/\/acasadarocha.com.br\/wp-content\/uploads\/2026\/01\/72-Thumb-Youtube-1170x694.jpg 1170w, https:\/\/acasadarocha.com.br\/wp-content\/uploads\/2026\/01\/72-Thumb-Youtube-768x456.jpg 768w, https:\/\/acasadarocha.com.br\/wp-content\/uploads\/2026\/01\/72-Thumb-Youtube-18x10.jpg 18w\" sizes=\"(max-width: 1170px) 100vw, 1170px\" \/>\t\t\t\t\t\t\t\t\t\t\t\t\t\t\t<\/div>\n\t\t\t\t<div class=\"elementor-element elementor-element-06afb8c elementor-widget elementor-widget-text-editor\" data-id=\"06afb8c\" data-element_type=\"widget\" data-e-type=\"widget\" data-widget_type=\"text-editor.default\">\n\t\t\t\t\t\t\t\t\t<p><strong>#72 &#8211; Fi\u00e9is ao que Deus nos mostrou &#8211; Z\u00e9 Bruno<\/strong><\/p>\t\t\t\t\t\t\t\t<\/div>\n\t\t\t\t<div class=\"elementor-element elementor-element-25958b0 elementor-widget elementor-widget-button\" data-id=\"25958b0\" data-element_type=\"widget\" data-e-type=\"widget\" data-widget_type=\"button.default\">\n\t\t\t\t\t\t\t\t\t\t<a class=\"elementor-button elementor-button-link elementor-size-sm\" href=\"https:\/\/www.youtube.com\/watch?v=oZHOudaoOe4\">\n\t\t\t\t\t\t<span class=\"elementor-button-content-wrapper\">\n\t\t\t\t\t\t\t\t\t<span class=\"elementor-button-text\">Assista Agora<\/span>\n\t\t\t\t\t<\/span>\n\t\t\t\t\t<\/a>\n\t\t\t\t\t\t\t\t<\/div>\n\t\t\t\t<\/div>\n\t\t<div class=\"elementor-element elementor-element-7816f33 e-con-full e-flex e-con e-child\" data-id=\"7816f33\" data-element_type=\"container\" data-e-type=\"container\">\n\t\t\t\t<div class=\"elementor-element elementor-element-4d854c6 elementor-widget elementor-widget-image\" data-id=\"4d854c6\" data-element_type=\"widget\" data-e-type=\"widget\" data-widget_type=\"image.default\">\n\t\t\t\t\t\t\t\t\t\t\t\t\t\t\t<img decoding=\"async\" width=\"1170\" height=\"694\" src=\"https:\/\/acasadarocha.com.br\/wp-content\/uploads\/2026\/01\/71-Thumb-Youtube-1170x694.jpg\" class=\"attachment-large size-large wp-image-21631\" alt=\"\" srcset=\"https:\/\/acasadarocha.com.br\/wp-content\/uploads\/2026\/01\/71-Thumb-Youtube-1170x694.jpg 1170w, https:\/\/acasadarocha.com.br\/wp-content\/uploads\/2026\/01\/71-Thumb-Youtube-768x456.jpg 768w, https:\/\/acasadarocha.com.br\/wp-content\/uploads\/2026\/01\/71-Thumb-Youtube-18x10.jpg 18w\" sizes=\"(max-width: 1170px) 100vw, 1170px\" \/>\t\t\t\t\t\t\t\t\t\t\t\t\t\t\t<\/div>\n\t\t\t\t<div class=\"elementor-element elementor-element-d5f302c elementor-widget elementor-widget-text-editor\" data-id=\"d5f302c\" data-element_type=\"widget\" data-e-type=\"widget\" data-widget_type=\"text-editor.default\">\n\t\t\t\t\t\t\t\t\t<p><strong>#71 &#8211; O Povo do Caminho &#8211; Z\u00e9 Bruno<\/strong><\/p>\t\t\t\t\t\t\t\t<\/div>\n\t\t\t\t<div class=\"elementor-element elementor-element-e9dadc6 elementor-widget elementor-widget-button\" data-id=\"e9dadc6\" data-element_type=\"widget\" data-e-type=\"widget\" data-widget_type=\"button.default\">\n\t\t\t\t\t\t\t\t\t\t<a class=\"elementor-button elementor-button-link elementor-size-sm\" href=\"https:\/\/www.youtube.com\/watch?v=qDhEkH6-lAU\">\n\t\t\t\t\t\t<span class=\"elementor-button-content-wrapper\">\n\t\t\t\t\t\t\t\t\t<span class=\"elementor-button-text\">Assista Agora<\/span>\n\t\t\t\t\t<\/span>\n\t\t\t\t\t<\/a>\n\t\t\t\t\t\t\t\t<\/div>\n\t\t\t\t<\/div>\n\t\t<div class=\"elementor-element elementor-element-dc5dc37 e-con-full e-flex e-con e-child\" data-id=\"dc5dc37\" data-element_type=\"container\" data-e-type=\"container\">\n\t\t\t\t<div class=\"elementor-element elementor-element-4626d4a elementor-widget elementor-widget-image\" data-id=\"4626d4a\" data-element_type=\"widget\" data-e-type=\"widget\" data-widget_type=\"image.default\">\n\t\t\t\t\t\t\t\t\t\t\t\t\t\t\t<img loading=\"lazy\" decoding=\"async\" width=\"1170\" height=\"694\" src=\"https:\/\/acasadarocha.com.br\/wp-content\/uploads\/2026\/01\/70-Thumb-Youtube-1170x694.jpg\" class=\"attachment-large size-large wp-image-21629\" alt=\"\" srcset=\"https:\/\/acasadarocha.com.br\/wp-content\/uploads\/2026\/01\/70-Thumb-Youtube-1170x694.jpg 1170w, https:\/\/acasadarocha.com.br\/wp-content\/uploads\/2026\/01\/70-Thumb-Youtube-768x456.jpg 768w, https:\/\/acasadarocha.com.br\/wp-content\/uploads\/2026\/01\/70-Thumb-Youtube-18x10.jpg 18w\" sizes=\"(max-width: 1170px) 100vw, 1170px\" \/>\t\t\t\t\t\t\t\t\t\t\t\t\t\t\t<\/div>\n\t\t\t\t<div class=\"elementor-element elementor-element-8e67a02 elementor-widget elementor-widget-text-editor\" data-id=\"8e67a02\" data-element_type=\"widget\" data-e-type=\"widget\" data-widget_type=\"text-editor.default\">\n\t\t\t\t\t\t\t\t\t<p><strong>#70 &#8211; A Igreja Viva &#8211; Z\u00e9 Bruno<\/strong><\/p>\t\t\t\t\t\t\t\t<\/div>\n\t\t\t\t<div class=\"elementor-element elementor-element-e168d85 elementor-widget elementor-widget-button\" data-id=\"e168d85\" data-element_type=\"widget\" data-e-type=\"widget\" data-widget_type=\"button.default\">\n\t\t\t\t\t\t\t\t\t\t<a class=\"elementor-button elementor-button-link elementor-size-sm\" href=\"https:\/\/www.youtube.com\/watch?v=uRpGEhqQY00\">\n\t\t\t\t\t\t<span class=\"elementor-button-content-wrapper\">\n\t\t\t\t\t\t\t\t\t<span class=\"elementor-button-text\">Assista Agora<\/span>\n\t\t\t\t\t<\/span>\n\t\t\t\t\t<\/a>\n\t\t\t\t\t\t\t\t<\/div>\n\t\t\t\t<\/div>\n\t\t\t\t\t<\/div>\n\t\t\t\t<\/div>\n\t\t<div class=\"elementor-element elementor-element-9a6f0a8 e-flex e-con-boxed e-con e-parent\" data-id=\"9a6f0a8\" data-element_type=\"container\" data-e-type=\"container\">\n\t\t\t\t\t<div class=\"e-con-inner\">\n\t\t\t\t<div class=\"elementor-element elementor-element-b3f93a5 elementor-widget elementor-widget-heading\" data-id=\"b3f93a5\" data-element_type=\"widget\" data-e-type=\"widget\" data-widget_type=\"heading.default\">\n\t\t\t\t\t<h2 class=\"elementor-heading-title elementor-size-default\">Todos os  Epis\u00f3dios<\/h2>\t\t\t\t<\/div>\n\t\t\t\t\t<\/div>\n\t\t\t\t<\/div>\n\t\t<div class=\"elementor-element elementor-element-19329c0 e-flex e-con-boxed e-con e-parent\" data-id=\"19329c0\" data-element_type=\"container\" data-e-type=\"container\">\n\t\t\t\t\t<div class=\"e-con-inner\">\n\t\t\t\t<div class=\"elementor-element elementor-element-2c9950f elementor-widget elementor-widget-button\" data-id=\"2c9950f\" data-element_type=\"widget\" data-e-type=\"widget\" data-widget_type=\"button.default\">\n\t\t\t\t\t\t\t\t\t\t<a class=\"elementor-button elementor-button-link elementor-size-sm\" href=\"https:\/\/www.youtube.com\/watch?v=p8Jqgdzg76A&#038;list=PLln4KGoeU_UkJCsD12Ok3YjD2k4SX5fCl\">\n\t\t\t\t\t\t<span class=\"elementor-button-content-wrapper\">\n\t\t\t\t\t\t\t\t\t<span class=\"elementor-button-text\">Clique aqui<\/span>\n\t\t\t\t\t<\/span>\n\t\t\t\t\t<\/a>\n\t\t\t\t\t\t\t\t<\/div>\n\t\t\t\t\t<\/div>\n\t\t\t\t<\/div>\n\t\t\t\t<\/div>","protected":false},"excerpt":{"rendered":"<p>\u00daltimos Epis\u00f3dios #72 &#8211; Fi\u00e9is ao que Deus nos mostrou &#8211; Z\u00e9 Bruno Assista Agora #71 &#8211; O Povo do Caminho &#8211; Z\u00e9 Bruno Assista Agora #70 &#8211; A Igreja Viva &#8211; Z\u00e9 Bruno Assista Agora Todos os Epis\u00f3dios Clique aqui<\/p>","protected":false},"author":1,"featured_media":0,"parent":0,"menu_order":0,"comment_status":"closed","ping_status":"closed","template":"","meta":{"_uag_custom_page_level_css":"","_monsterinsights_skip_tracking":false,"_monsterinsights_sitenote_active":false,"_monsterinsights_sitenote_note":"","_monsterinsights_sitenote_category":0,"footnotes":""},"class_list":["post-21545","page","type-page","status-publish","hentry"],"aioseo_notices":[],"_hostinger_reach_plugin_has_subscription_block":false,"_hostinger_reach_plugin_is_elementor":false,"uagb_featured_image_src":{"full":false,"thumbnail":false,"medium":false,"medium_large":false,"large":false,"1536x1536":false,"2048x2048":false,"trp-custom-language-flag":false,"woocommerce_thumbnail":false,"woocommerce_single":false,"woocommerce_gallery_thumbnail":false},"uagb_author_info":{"display_name":"adm@acasadarocha.com.br","author_link":"https:\/\/acasadarocha.com.br\/en\/author\/admacasadarocha-com-br\/"},"uagb_comment_info":0,"uagb_excerpt":"\u00daltimos Epis\u00f3dios #72 &#8211; Fi\u00e9is ao que Deus nos mostrou &#8211; Z\u00e9 Bruno Assista Agora #71 &#8211; O Povo do Caminho &#8211; Z\u00e9 Bruno Assista Agora #70 &#8211; A Igreja Viva &#8211; Z\u00e9 Bruno Assista Agora Todos os Epis\u00f3dios Clique aqui","_links":{"self":[{"href":"https:\/\/acasadarocha.com.br\/en\/wp-json\/wp\/v2\/pages\/21545","targetHints":{"allow":["GET"]}}],"collection":[{"href":"https:\/\/acasadarocha.com.br\/en\/wp-json\/wp\/v2\/pages"}],"about":[{"href":"https:\/\/acasadarocha.com.br\/en\/wp-json\/wp\/v2\/types\/page"}],"author":[{"embeddable":true,"href":"https:\/\/acasadarocha.com.br\/en\/wp-json\/wp\/v2\/users\/1"}],"replies":[{"embeddable":true,"href":"https:\/\/acasadarocha.com.br\/en\/wp-json\/wp\/v2\/comments?post=21545"}],"version-history":[{"count":25,"href":"https:\/\/acasadarocha.com.br\/en\/wp-json\/wp\/v2\/pages\/21545\/revisions"}],"predecessor-version":[{"id":21652,"href":"https:\/\/acasadarocha.com.br\/en\/wp-json\/wp\/v2\/pages\/21545\/revisions\/21652"}],"wp:attachment":[{"href":"https:\/\/acasadarocha.com.br\/en\/wp-json\/wp\/v2\/media?parent=21545"}],"curies":[{"name":"wp","href":"https:\/\/api.w.org\/{rel}","templated":true}]}}