{"id":21479,"date":"2026-01-03T12:48:12","date_gmt":"2026-01-03T12:48:12","guid":{"rendered":"https:\/\/acasadarocha.com.br\/?page_id=21479"},"modified":"2026-03-02T21:12:30","modified_gmt":"2026-03-02T21:12:30","slug":"quem-e-jesus","status":"publish","type":"page","link":"https:\/\/acasadarocha.com.br\/en\/quem-e-jesus\/","title":{"rendered":"Quem \u00e9 Jesus?"},"content":{"rendered":"<div data-elementor-type=\"wp-page\" data-elementor-id=\"21479\" class=\"elementor elementor-21479\" data-elementor-post-type=\"page\">\n\t\t\t\t<div class=\"elementor-element elementor-element-124dcd2 e-flex e-con-boxed e-con e-parent\" data-id=\"124dcd2\" data-element_type=\"container\" data-e-type=\"container\">\n\t\t\t\t\t<div class=\"e-con-inner\">\n\t\t\t\t<div class=\"elementor-element elementor-element-3d36d35 elementor-widget elementor-widget-image\" data-id=\"3d36d35\" data-element_type=\"widget\" data-e-type=\"widget\" data-widget_type=\"image.default\">\n\t\t\t\t\t\t\t\t\t\t\t\t\t\t\t<img fetchpriority=\"high\" decoding=\"async\" width=\"1170\" height=\"694\" src=\"https:\/\/acasadarocha.com.br\/wp-content\/uploads\/2026\/01\/thumb2yt-1170x694.jpg\" class=\"attachment-large size-large wp-image-21576\" alt=\"\" srcset=\"https:\/\/acasadarocha.com.br\/wp-content\/uploads\/2026\/01\/thumb2yt-1170x694.jpg 1170w, https:\/\/acasadarocha.com.br\/wp-content\/uploads\/2026\/01\/thumb2yt-768x456.jpg 768w, https:\/\/acasadarocha.com.br\/wp-content\/uploads\/2026\/01\/thumb2yt-18x10.jpg 18w\" sizes=\"(max-width: 1170px) 100vw, 1170px\" \/>\t\t\t\t\t\t\t\t\t\t\t\t\t\t\t<\/div>\n\t\t\t\t\t<\/div>\n\t\t\t\t<\/div>\n\t\t<div class=\"elementor-element elementor-element-7dd1375 e-flex e-con-boxed e-con e-parent\" data-id=\"7dd1375\" data-element_type=\"container\" data-e-type=\"container\">\n\t\t\t\t\t<div class=\"e-con-inner\">\n\t\t\t\t<div class=\"elementor-element elementor-element-a6f81a1 elementor-widget elementor-widget-heading\" data-id=\"a6f81a1\" data-element_type=\"widget\" data-e-type=\"widget\" data-widget_type=\"heading.default\">\n\t\t\t\t\t<h2 class=\"elementor-heading-title elementor-size-default\">Epis\u00f3dios<\/h2>\t\t\t\t<\/div>\n\t\t\t\t\t<\/div>\n\t\t\t\t<\/div>\n\t\t<div class=\"elementor-element elementor-element-6d1c8b4 e-flex e-con-boxed e-con e-parent\" data-id=\"6d1c8b4\" data-element_type=\"container\" data-e-type=\"container\">\n\t\t\t\t\t<div class=\"e-con-inner\">\n\t\t<div class=\"elementor-element elementor-element-cb24750 e-con-full e-flex e-con e-child\" data-id=\"cb24750\" data-element_type=\"container\" data-e-type=\"container\">\n\t\t\t\t<div class=\"elementor-element elementor-element-8eb5d2c elementor-widget elementor-widget-image\" data-id=\"8eb5d2c\" data-element_type=\"widget\" data-e-type=\"widget\" data-widget_type=\"image.default\">\n\t\t\t\t\t\t\t\t\t\t\t\t\t\t\t<img decoding=\"async\" width=\"1170\" height=\"694\" src=\"https:\/\/acasadarocha.com.br\/wp-content\/uploads\/2026\/03\/38-Thumb-Youtube.jpg-1170x694.jpeg\" class=\"attachment-large size-large wp-image-22049\" alt=\"\" srcset=\"https:\/\/acasadarocha.com.br\/wp-content\/uploads\/2026\/03\/38-Thumb-Youtube.jpg-1170x694.jpeg 1170w, https:\/\/acasadarocha.com.br\/wp-content\/uploads\/2026\/03\/38-Thumb-Youtube.jpg-768x456.jpeg 768w, https:\/\/acasadarocha.com.br\/wp-content\/uploads\/2026\/03\/38-Thumb-Youtube.jpg-18x10.jpeg 18w\" sizes=\"(max-width: 1170px) 100vw, 1170px\" \/>\t\t\t\t\t\t\t\t\t\t\t\t\t\t\t<\/div>\n\t\t\t\t<div class=\"elementor-element elementor-element-1c8e353 elementor-widget elementor-widget-text-editor\" data-id=\"1c8e353\" data-element_type=\"widget\" data-e-type=\"widget\" data-widget_type=\"text-editor.default\">\n\t\t\t\t\t\t\t\t\t<p><strong>#38 &#8211; Eu sou a ressurrei\u00e7\u00e3o e a vida &#8211; Z\u00e9 Bruno<\/strong><\/p>\t\t\t\t\t\t\t\t<\/div>\n\t\t\t\t<div class=\"elementor-element elementor-element-5f83a0b elementor-widget elementor-widget-button\" data-id=\"5f83a0b\" data-element_type=\"widget\" data-e-type=\"widget\" data-widget_type=\"button.default\">\n\t\t\t\t\t\t\t\t\t\t<a class=\"elementor-button elementor-button-link elementor-size-sm\" href=\"https:\/\/www.youtube.com\/watch?v=JRq8ehjTC6c\">\n\t\t\t\t\t\t<span class=\"elementor-button-content-wrapper\">\n\t\t\t\t\t\t\t\t\t<span class=\"elementor-button-text\">Assista Agora<\/span>\n\t\t\t\t\t<\/span>\n\t\t\t\t\t<\/a>\n\t\t\t\t\t\t\t\t<\/div>\n\t\t\t\t<\/div>\n\t\t<div class=\"elementor-element elementor-element-d2eaed9 e-con-full e-flex e-con e-child\" data-id=\"d2eaed9\" data-element_type=\"container\" data-e-type=\"container\">\n\t\t\t\t<div class=\"elementor-element elementor-element-33f9cdc elementor-widget elementor-widget-image\" data-id=\"33f9cdc\" data-element_type=\"widget\" data-e-type=\"widget\" data-widget_type=\"image.default\">\n\t\t\t\t\t\t\t\t\t\t\t\t\t\t\t<img decoding=\"async\" width=\"1170\" height=\"694\" src=\"https:\/\/acasadarocha.com.br\/wp-content\/uploads\/2026\/03\/37-Thumb-Youtube.jpg-1170x694.jpeg\" class=\"attachment-large size-large wp-image-22045\" alt=\"\" srcset=\"https:\/\/acasadarocha.com.br\/wp-content\/uploads\/2026\/03\/37-Thumb-Youtube.jpg-1170x694.jpeg 1170w, https:\/\/acasadarocha.com.br\/wp-content\/uploads\/2026\/03\/37-Thumb-Youtube.jpg-768x456.jpeg 768w, https:\/\/acasadarocha.com.br\/wp-content\/uploads\/2026\/03\/37-Thumb-Youtube.jpg-18x10.jpeg 18w\" sizes=\"(max-width: 1170px) 100vw, 1170px\" \/>\t\t\t\t\t\t\t\t\t\t\t\t\t\t\t<\/div>\n\t\t\t\t<div class=\"elementor-element elementor-element-1890fdc elementor-widget elementor-widget-text-editor\" data-id=\"1890fdc\" data-element_type=\"widget\" data-e-type=\"widget\" data-widget_type=\"text-editor.default\">\n\t\t\t\t\t\t\t\t\t<p><strong>#37 &#8211; O Deserto \u00e9 o nosso lugar &#8211; Z\u00e9 Bruno<\/strong><\/p>\t\t\t\t\t\t\t\t<\/div>\n\t\t\t\t<div class=\"elementor-element elementor-element-2bf8b8d elementor-widget elementor-widget-button\" data-id=\"2bf8b8d\" data-element_type=\"widget\" data-e-type=\"widget\" data-widget_type=\"button.default\">\n\t\t\t\t\t\t\t\t\t\t<a class=\"elementor-button elementor-button-link elementor-size-sm\" href=\"https:\/\/www.youtube.com\/watch?v=EWQXFG3m_ic\">\n\t\t\t\t\t\t<span class=\"elementor-button-content-wrapper\">\n\t\t\t\t\t\t\t\t\t<span class=\"elementor-button-text\">Assista Agora<\/span>\n\t\t\t\t\t<\/span>\n\t\t\t\t\t<\/a>\n\t\t\t\t\t\t\t\t<\/div>\n\t\t\t\t<\/div>\n\t\t<div class=\"elementor-element elementor-element-872e980 e-con-full e-flex e-con e-child\" data-id=\"872e980\" data-element_type=\"container\" data-e-type=\"container\">\n\t\t\t\t<div class=\"elementor-element elementor-element-ece23d8 elementor-widget elementor-widget-image\" data-id=\"ece23d8\" data-element_type=\"widget\" data-e-type=\"widget\" data-widget_type=\"image.default\">\n\t\t\t\t\t\t\t\t\t\t\t\t\t\t\t<img loading=\"lazy\" decoding=\"async\" width=\"1170\" height=\"694\" src=\"https:\/\/acasadarocha.com.br\/wp-content\/uploads\/2026\/03\/36-Thumb-Youtube.jpg-1170x694.jpeg\" class=\"attachment-large size-large wp-image-22044\" alt=\"\" srcset=\"https:\/\/acasadarocha.com.br\/wp-content\/uploads\/2026\/03\/36-Thumb-Youtube.jpg-1170x694.jpeg 1170w, https:\/\/acasadarocha.com.br\/wp-content\/uploads\/2026\/03\/36-Thumb-Youtube.jpg-768x456.jpeg 768w, https:\/\/acasadarocha.com.br\/wp-content\/uploads\/2026\/03\/36-Thumb-Youtube.jpg-18x10.jpeg 18w\" sizes=\"(max-width: 1170px) 100vw, 1170px\" \/>\t\t\t\t\t\t\t\t\t\t\t\t\t\t\t<\/div>\n\t\t\t\t<div class=\"elementor-element elementor-element-caec83d elementor-widget elementor-widget-text-editor\" data-id=\"caec83d\" data-element_type=\"widget\" data-e-type=\"widget\" data-widget_type=\"text-editor.default\">\n\t\t\t\t\t\t\t\t\t<p><strong>#36 &#8211; Jesus, o Bom Pastor &#8211; Z\u00e9 Bruno<\/strong><\/p>\t\t\t\t\t\t\t\t<\/div>\n\t\t\t\t<div class=\"elementor-element elementor-element-33696cc elementor-widget elementor-widget-button\" data-id=\"33696cc\" data-element_type=\"widget\" data-e-type=\"widget\" data-widget_type=\"button.default\">\n\t\t\t\t\t\t\t\t\t\t<a class=\"elementor-button elementor-button-link elementor-size-sm\" href=\"https:\/\/www.youtube.com\/watch?v=SJhaFiaEjmA\">\n\t\t\t\t\t\t<span class=\"elementor-button-content-wrapper\">\n\t\t\t\t\t\t\t\t\t<span class=\"elementor-button-text\">Assista Agora<\/span>\n\t\t\t\t\t<\/span>\n\t\t\t\t\t<\/a>\n\t\t\t\t\t\t\t\t<\/div>\n\t\t\t\t<\/div>\n\t\t\t\t\t<\/div>\n\t\t\t\t<\/div>\n\t\t<div class=\"elementor-element elementor-element-7f8b3cc e-flex e-con-boxed e-con e-parent\" data-id=\"7f8b3cc\" data-element_type=\"container\" data-e-type=\"container\">\n\t\t\t\t\t<div class=\"e-con-inner\">\n\t\t\t\t<div class=\"elementor-element elementor-element-86fe0bd elementor-widget elementor-widget-heading\" data-id=\"86fe0bd\" data-element_type=\"widget\" data-e-type=\"widget\" data-widget_type=\"heading.default\">\n\t\t\t\t\t<h2 class=\"elementor-heading-title elementor-size-default\">Todos os Epis\u00f3dios<\/h2>\t\t\t\t<\/div>\n\t\t\t\t\t<\/div>\n\t\t\t\t<\/div>\n\t\t<div class=\"elementor-element elementor-element-b71a692 e-flex e-con-boxed e-con e-parent\" data-id=\"b71a692\" data-element_type=\"container\" data-e-type=\"container\">\n\t\t\t\t\t<div class=\"e-con-inner\">\n\t\t\t\t<div class=\"elementor-element elementor-element-f3db9e0 elementor-align-left elementor-widget elementor-widget-button\" data-id=\"f3db9e0\" data-element_type=\"widget\" data-e-type=\"widget\" data-widget_type=\"button.default\">\n\t\t\t\t\t\t\t\t\t\t<a class=\"elementor-button elementor-button-link elementor-size-sm\" href=\"https:\/\/www.youtube.com\/watch?v=e5ZyrDnvC10&#038;list=PLln4KGoeU_UkkoVA8SVZwj-fYSJIw5qBO\">\n\t\t\t\t\t\t<span class=\"elementor-button-content-wrapper\">\n\t\t\t\t\t\t\t\t\t<span class=\"elementor-button-text\">Clique aqui<\/span>\n\t\t\t\t\t<\/span>\n\t\t\t\t\t<\/a>\n\t\t\t\t\t\t\t\t<\/div>\n\t\t\t\t\t<\/div>\n\t\t\t\t<\/div>\n\t\t\t\t<\/div>","protected":false},"excerpt":{"rendered":"<p>Epis\u00f3dios #38 &#8211; Eu sou a ressurrei\u00e7\u00e3o e a vida &#8211; Z\u00e9 Bruno Assista Agora #37 &#8211; O Deserto \u00e9 o nosso lugar &#8211; Z\u00e9 Bruno Assista Agora #36 &#8211; Jesus, o Bom Pastor &#8211; Z\u00e9 Bruno Assista Agora Todos os Epis\u00f3dios Clique aqui<\/p>","protected":false},"author":1,"featured_media":0,"parent":0,"menu_order":0,"comment_status":"closed","ping_status":"closed","template":"","meta":{"_uag_custom_page_level_css":"","_monsterinsights_skip_tracking":false,"_monsterinsights_sitenote_active":false,"_monsterinsights_sitenote_note":"","_monsterinsights_sitenote_category":0,"footnotes":""},"class_list":["post-21479","page","type-page","status-publish","hentry"],"aioseo_notices":[],"_hostinger_reach_plugin_has_subscription_block":false,"_hostinger_reach_plugin_is_elementor":false,"uagb_featured_image_src":{"full":false,"thumbnail":false,"medium":false,"medium_large":false,"large":false,"1536x1536":false,"2048x2048":false,"trp-custom-language-flag":false,"woocommerce_thumbnail":false,"woocommerce_single":false,"woocommerce_gallery_thumbnail":false},"uagb_author_info":{"display_name":"adm@acasadarocha.com.br","author_link":"https:\/\/acasadarocha.com.br\/en\/author\/admacasadarocha-com-br\/"},"uagb_comment_info":0,"uagb_excerpt":"Epis\u00f3dios #38 &#8211; Eu sou a ressurrei\u00e7\u00e3o e a vida &#8211; Z\u00e9 Bruno Assista Agora #37 &#8211; O Deserto \u00e9 o nosso lugar &#8211; Z\u00e9 Bruno Assista Agora #36 &#8211; Jesus, o Bom Pastor &#8211; Z\u00e9 Bruno Assista Agora Todos os Epis\u00f3dios Clique aqui","_links":{"self":[{"href":"https:\/\/acasadarocha.com.br\/en\/wp-json\/wp\/v2\/pages\/21479","targetHints":{"allow":["GET"]}}],"collection":[{"href":"https:\/\/acasadarocha.com.br\/en\/wp-json\/wp\/v2\/pages"}],"about":[{"href":"https:\/\/acasadarocha.com.br\/en\/wp-json\/wp\/v2\/types\/page"}],"author":[{"embeddable":true,"href":"https:\/\/acasadarocha.com.br\/en\/wp-json\/wp\/v2\/users\/1"}],"replies":[{"embeddable":true,"href":"https:\/\/acasadarocha.com.br\/en\/wp-json\/wp\/v2\/comments?post=21479"}],"version-history":[{"count":40,"href":"https:\/\/acasadarocha.com.br\/en\/wp-json\/wp\/v2\/pages\/21479\/revisions"}],"predecessor-version":[{"id":22052,"href":"https:\/\/acasadarocha.com.br\/en\/wp-json\/wp\/v2\/pages\/21479\/revisions\/22052"}],"wp:attachment":[{"href":"https:\/\/acasadarocha.com.br\/en\/wp-json\/wp\/v2\/media?parent=21479"}],"curies":[{"name":"wp","href":"https:\/\/api.w.org\/{rel}","templated":true}]}}