{"id":20551,"date":"2022-07-08T06:15:42","date_gmt":"2022-07-08T06:15:42","guid":{"rendered":"https:\/\/elementor.zozothemes.com\/zegen\/blog-grid-4-copy\/"},"modified":"2026-03-02T14:41:36","modified_gmt":"2026-03-02T14:41:36","slug":"blog-grid-3","status":"publish","type":"page","link":"https:\/\/acasadarocha.com.br\/en\/blog-grid-3\/","title":{"rendered":"Caminho das Letras"},"content":{"rendered":"<div data-elementor-type=\"wp-page\" data-elementor-id=\"20551\" class=\"elementor elementor-20551\" data-elementor-post-type=\"page\">\n\t\t\t\t\t\t<section class=\"elementor-section elementor-top-section elementor-element elementor-element-57f7b15 elementor-section-stretched elementor-section-boxed elementor-section-height-default elementor-section-height-default\" data-id=\"57f7b15\" data-element_type=\"section\" data-e-type=\"section\" data-settings=\"{&quot;background_background&quot;:&quot;classic&quot;,&quot;stretch_section&quot;:&quot;section-stretched&quot;}\">\n\t\t\t\t\t\t\t<div class=\"elementor-background-overlay\"><\/div>\n\t\t\t\t\t\t\t<div class=\"elementor-container elementor-column-gap-default\">\n\t\t\t\t\t<div class=\"elementor-column elementor-col-100 elementor-top-column elementor-element elementor-element-ca7adf5\" data-id=\"ca7adf5\" data-element_type=\"column\" data-e-type=\"column\">\n\t\t\t<div class=\"elementor-widget-wrap\">\n\t\t\t\t\t\t\t<\/div>\n\t\t<\/div>\n\t\t\t\t\t<\/div>\n\t\t<\/section>\n\t\t<div class=\"elementor-element elementor-element-9ad41f0 e-flex e-con-boxed e-con e-parent\" data-id=\"9ad41f0\" data-element_type=\"container\" data-e-type=\"container\">\n\t\t\t\t\t<div class=\"e-con-inner\">\n\t\t\t\t<div class=\"elementor-element elementor-element-8ea4180 elementor-widget elementor-widget-heading\" data-id=\"8ea4180\" data-element_type=\"widget\" data-e-type=\"widget\" data-widget_type=\"heading.default\">\n\t\t\t\t\t<h2 class=\"elementor-heading-title elementor-size-default\">O que \u00e9 o Caminho das Letras?<\/h2>\t\t\t\t<\/div>\n\t\t\t\t<div class=\"elementor-element elementor-element-3516e08 elementor-widget elementor-widget-text-editor\" data-id=\"3516e08\" data-element_type=\"widget\" data-e-type=\"widget\" data-widget_type=\"text-editor.default\">\n\t\t\t\t\t\t\t\t\t<ul><li>&#8211; \u00c9 a escola B\u00edblica da Casa da Rocha;<\/li><li>&#8211; O curso \u00e9 completamente online;<\/li><li>&#8211; Para seguir uma sequ\u00eancia l\u00f3gica de estudo b\u00edblico, inicie por Mateus;<\/li><li>&#8211; \u00c9 um curso de livro a livro, cap\u00edtulo a cap\u00edtulo e vers\u00edculo a vers\u00edculo de uma exposi\u00e7\u00e3o b\u00edblica para a forma\u00e7\u00e3o do nosso car\u00e1ter crist\u00e3o e a compreens\u00e3o do plano de Deus para o ser humano na terra;<\/li><li>&#8211; As matr\u00edculas podem acontecer em qualquer \u00e9poca do ano.<\/li><\/ul>\t\t\t\t\t\t\t\t<\/div>\n\t\t\t\t\t<\/div>\n\t\t\t\t<\/div>\n\t\t<div class=\"elementor-element elementor-element-3af1e84 e-flex e-con-boxed e-con e-parent\" data-id=\"3af1e84\" data-element_type=\"container\" data-e-type=\"container\">\n\t\t\t\t\t<div class=\"e-con-inner\">\n\t\t\t\t<div class=\"elementor-element elementor-element-8db30e0 elementor-widget elementor-widget-heading\" data-id=\"8db30e0\" data-element_type=\"widget\" data-e-type=\"widget\" data-widget_type=\"heading.default\">\n\t\t\t\t\t<h2 class=\"elementor-heading-title elementor-size-default\">Professores<\/h2>\t\t\t\t<\/div>\n\t\t\t\t\t<\/div>\n\t\t\t\t<\/div>\n\t\t<div class=\"elementor-element elementor-element-00eec01 e-flex e-con-boxed e-con e-parent\" data-id=\"00eec01\" data-element_type=\"container\" data-e-type=\"container\">\n\t\t\t\t\t<div class=\"e-con-inner\">\n\t\t\t\t<div class=\"elementor-element elementor-element-7f6121f elementor-widget__width-initial elementor-widget-mobile__width-initial elementor-position-top elementor-widget elementor-widget-image-box\" data-id=\"7f6121f\" data-element_type=\"widget\" data-e-type=\"widget\" data-widget_type=\"image-box.default\">\n\t\t\t\t\t<div class=\"elementor-image-box-wrapper\"><figure class=\"elementor-image-box-img\"><img fetchpriority=\"high\" decoding=\"async\" width=\"542\" height=\"600\" src=\"https:\/\/acasadarocha.com.br\/wp-content\/uploads\/2019\/04\/adsfdfdsf.png\" class=\"attachment-large size-large wp-image-21135\" alt=\"\" srcset=\"https:\/\/acasadarocha.com.br\/wp-content\/uploads\/2019\/04\/adsfdfdsf.png 542w, https:\/\/acasadarocha.com.br\/wp-content\/uploads\/2019\/04\/adsfdfdsf-11x12.png 11w\" sizes=\"(max-width: 542px) 100vw, 542px\" \/><\/figure><div class=\"elementor-image-box-content\"><h3 class=\"elementor-image-box-title\">Z\u00e9 Bruno<\/h3><p class=\"elementor-image-box-description\">Doutor em Teologia<\/p><\/div><\/div>\t\t\t\t<\/div>\n\t\t\t\t<div class=\"elementor-element elementor-element-a91aba5 elementor-widget__width-initial elementor-widget-mobile__width-initial elementor-position-top elementor-widget elementor-widget-image-box\" data-id=\"a91aba5\" data-element_type=\"widget\" data-e-type=\"widget\" data-widget_type=\"image-box.default\">\n\t\t\t\t\t<div class=\"elementor-image-box-wrapper\"><figure class=\"elementor-image-box-img\"><img decoding=\"async\" width=\"900\" height=\"900\" src=\"https:\/\/acasadarocha.com.br\/wp-content\/uploads\/2026\/01\/u6KJZEMk_400x4003.jpg\" class=\"attachment-full size-full wp-image-21525\" alt=\"\" srcset=\"https:\/\/acasadarocha.com.br\/wp-content\/uploads\/2026\/01\/u6KJZEMk_400x4003.jpg 900w, https:\/\/acasadarocha.com.br\/wp-content\/uploads\/2026\/01\/u6KJZEMk_400x4003-80x80.jpg 80w, https:\/\/acasadarocha.com.br\/wp-content\/uploads\/2026\/01\/u6KJZEMk_400x4003-768x768.jpg 768w, https:\/\/acasadarocha.com.br\/wp-content\/uploads\/2026\/01\/u6KJZEMk_400x4003-12x12.jpg 12w, https:\/\/acasadarocha.com.br\/wp-content\/uploads\/2026\/01\/u6KJZEMk_400x4003-300x300.jpg 300w, https:\/\/acasadarocha.com.br\/wp-content\/uploads\/2026\/01\/u6KJZEMk_400x4003-600x600.jpg 600w, https:\/\/acasadarocha.com.br\/wp-content\/uploads\/2026\/01\/u6KJZEMk_400x4003-100x100.jpg 100w\" sizes=\"(max-width: 900px) 100vw, 900px\" \/><\/figure><div class=\"elementor-image-box-content\"><h3 class=\"elementor-image-box-title\">Hamilton Gomes<\/h3><p class=\"elementor-image-box-description\">Mestre em Teologia<\/p><\/div><\/div>\t\t\t\t<\/div>\n\t\t\t\t<div class=\"elementor-element elementor-element-64f7c14 elementor-widget__width-initial elementor-widget-mobile__width-initial elementor-position-top elementor-widget elementor-widget-image-box\" data-id=\"64f7c14\" data-element_type=\"widget\" data-e-type=\"widget\" data-widget_type=\"image-box.default\">\n\t\t\t\t\t<div class=\"elementor-image-box-wrapper\"><figure class=\"elementor-image-box-img\"><img decoding=\"async\" width=\"767\" height=\"689\" src=\"https:\/\/acasadarocha.com.br\/wp-content\/uploads\/2026\/01\/EPYOUTUBE02ktkj.png\" class=\"attachment-full size-full wp-image-21533\" alt=\"\" srcset=\"https:\/\/acasadarocha.com.br\/wp-content\/uploads\/2026\/01\/EPYOUTUBE02ktkj.png 767w, https:\/\/acasadarocha.com.br\/wp-content\/uploads\/2026\/01\/EPYOUTUBE02ktkj-13x12.png 13w, https:\/\/acasadarocha.com.br\/wp-content\/uploads\/2026\/01\/EPYOUTUBE02ktkj-600x539.png 600w\" sizes=\"(max-width: 767px) 100vw, 767px\" \/><\/figure><div class=\"elementor-image-box-content\"><h3 class=\"elementor-image-box-title\">Jorge Bruno<\/h3><p class=\"elementor-image-box-description\">Doutorando em Teologia<\/p><\/div><\/div>\t\t\t\t<\/div>\n\t\t\t\t<div class=\"elementor-element elementor-element-be8fd8a elementor-widget__width-initial elementor-widget-mobile__width-initial elementor-position-top elementor-widget elementor-widget-image-box\" data-id=\"be8fd8a\" data-element_type=\"widget\" data-e-type=\"widget\" data-widget_type=\"image-box.default\">\n\t\t\t\t\t<div class=\"elementor-image-box-wrapper\"><figure class=\"elementor-image-box-img\"><img loading=\"lazy\" decoding=\"async\" width=\"225\" height=\"225\" src=\"https:\/\/acasadarocha.com.br\/wp-content\/uploads\/2026\/02\/fabioitoft.jpg\" class=\"attachment-full size-full wp-image-21932\" alt=\"\" srcset=\"https:\/\/acasadarocha.com.br\/wp-content\/uploads\/2026\/02\/fabioitoft.jpg 225w, https:\/\/acasadarocha.com.br\/wp-content\/uploads\/2026\/02\/fabioitoft-80x80.jpg 80w, https:\/\/acasadarocha.com.br\/wp-content\/uploads\/2026\/02\/fabioitoft-12x12.jpg 12w, https:\/\/acasadarocha.com.br\/wp-content\/uploads\/2026\/02\/fabioitoft-100x100.jpg 100w\" sizes=\"(max-width: 225px) 100vw, 225px\" \/><\/figure><div class=\"elementor-image-box-content\"><h3 class=\"elementor-image-box-title\">F\u00e1bio Ito<\/h3><p class=\"elementor-image-box-description\">Doutor em Teologia<\/p><\/div><\/div>\t\t\t\t<\/div>\n\t\t\t\t\t<\/div>\n\t\t\t\t<\/div>\n\t\t<div class=\"elementor-element elementor-element-1d15ba5 e-flex e-con-boxed e-con e-parent\" data-id=\"1d15ba5\" data-element_type=\"container\" data-e-type=\"container\">\n\t\t\t\t\t<div class=\"e-con-inner\">\n\t\t\t\t<div class=\"elementor-element elementor-element-dec84da elementor-widget elementor-widget-heading\" data-id=\"dec84da\" data-element_type=\"widget\" data-e-type=\"widget\" data-widget_type=\"heading.default\">\n\t\t\t\t\t<h2 class=\"elementor-heading-title elementor-size-default\">Matricule-se<\/h2>\t\t\t\t<\/div>\n\t\t\t\t\t<\/div>\n\t\t\t\t<\/div>\n\t\t<div class=\"elementor-element elementor-element-df6da5a e-flex e-con-boxed e-con e-parent\" data-id=\"df6da5a\" data-element_type=\"container\" data-e-type=\"container\">\n\t\t\t\t\t<div class=\"e-con-inner\">\n\t\t\t\t<div class=\"elementor-element elementor-element-3dddcae elementor-align-center elementor-widget elementor-widget-button\" data-id=\"3dddcae\" data-element_type=\"widget\" data-e-type=\"widget\" data-widget_type=\"button.default\">\n\t\t\t\t\t\t\t\t\t\t<a class=\"elementor-button elementor-button-link elementor-size-sm\" href=\"https:\/\/emt.teo.br\/\">\n\t\t\t\t\t\t<span class=\"elementor-button-content-wrapper\">\n\t\t\t\t\t\t\t\t\t<span class=\"elementor-button-text\">Clique aqui<\/span>\n\t\t\t\t\t<\/span>\n\t\t\t\t\t<\/a>\n\t\t\t\t\t\t\t\t<\/div>\n\t\t\t\t\t<\/div>\n\t\t\t\t<\/div>\n\t\t<div class=\"elementor-element elementor-element-478c4da e-flex e-con-boxed e-con e-parent\" data-id=\"478c4da\" data-element_type=\"container\" data-e-type=\"container\">\n\t\t\t\t\t<div class=\"e-con-inner\">\n\t\t\t\t\t<\/div>\n\t\t\t\t<\/div>\n\t\t\t\t<\/div>","protected":false},"excerpt":{"rendered":"<p>O que \u00e9 o Caminho das Letras? &#8211; \u00c9 a escola B\u00edblica da Casa da Rocha; &#8211; O curso \u00e9 completamente online; &#8211; Para seguir uma sequ\u00eancia l\u00f3gica de estudo b\u00edblico, inicie por Mateus; &#8211; \u00c9 um curso de livro a livro, cap\u00edtulo a cap\u00edtulo e vers\u00edculo a vers\u00edculo de uma exposi\u00e7\u00e3o b\u00edblica para a<\/p>","protected":false},"author":1,"featured_media":0,"parent":0,"menu_order":0,"comment_status":"closed","ping_status":"closed","template":"","meta":{"_uag_custom_page_level_css":"","_monsterinsights_skip_tracking":false,"_monsterinsights_sitenote_active":false,"_monsterinsights_sitenote_note":"","_monsterinsights_sitenote_category":0,"footnotes":""},"class_list":["post-20551","page","type-page","status-publish","hentry"],"aioseo_notices":[],"_hostinger_reach_plugin_has_subscription_block":false,"_hostinger_reach_plugin_is_elementor":false,"uagb_featured_image_src":{"full":false,"thumbnail":false,"medium":false,"medium_large":false,"large":false,"1536x1536":false,"2048x2048":false,"trp-custom-language-flag":false,"woocommerce_thumbnail":false,"woocommerce_single":false,"woocommerce_gallery_thumbnail":false},"uagb_author_info":{"display_name":"adm@acasadarocha.com.br","author_link":"https:\/\/acasadarocha.com.br\/en\/author\/admacasadarocha-com-br\/"},"uagb_comment_info":0,"uagb_excerpt":"O que \u00e9 o Caminho das Letras? &#8211; \u00c9 a escola B\u00edblica da Casa da Rocha; &#8211; O curso \u00e9 completamente online; &#8211; Para seguir uma sequ\u00eancia l\u00f3gica de estudo b\u00edblico, inicie por Mateus; &#8211; \u00c9 um curso de livro a livro, cap\u00edtulo a cap\u00edtulo e vers\u00edculo a vers\u00edculo de uma exposi\u00e7\u00e3o b\u00edblica para a","_links":{"self":[{"href":"https:\/\/acasadarocha.com.br\/en\/wp-json\/wp\/v2\/pages\/20551","targetHints":{"allow":["GET"]}}],"collection":[{"href":"https:\/\/acasadarocha.com.br\/en\/wp-json\/wp\/v2\/pages"}],"about":[{"href":"https:\/\/acasadarocha.com.br\/en\/wp-json\/wp\/v2\/types\/page"}],"author":[{"embeddable":true,"href":"https:\/\/acasadarocha.com.br\/en\/wp-json\/wp\/v2\/users\/1"}],"replies":[{"embeddable":true,"href":"https:\/\/acasadarocha.com.br\/en\/wp-json\/wp\/v2\/comments?post=20551"}],"version-history":[{"count":142,"href":"https:\/\/acasadarocha.com.br\/en\/wp-json\/wp\/v2\/pages\/20551\/revisions"}],"predecessor-version":[{"id":22007,"href":"https:\/\/acasadarocha.com.br\/en\/wp-json\/wp\/v2\/pages\/20551\/revisions\/22007"}],"wp:attachment":[{"href":"https:\/\/acasadarocha.com.br\/en\/wp-json\/wp\/v2\/media?parent=20551"}],"curies":[{"name":"wp","href":"https:\/\/api.w.org\/{rel}","templated":true}]}}